{"id":15307,"date":"2020-11-13T09:22:03","date_gmt":"2020-11-13T09:22:03","guid":{"rendered":"http:\/\/www.staging.lesonit.net\/career\/"},"modified":"2024-05-21T07:24:46","modified_gmt":"2024-05-21T07:24:46","slug":"kariera","status":"publish","type":"page","link":"https:\/\/www.staging.lesonit.net\/sl\/kariera\/","title":{"rendered":"Kariera"},"content":{"rendered":"<div id=\"block_3522e686e88263d449025a7b6ea4dae6\" class=\"wp-block-hero relative overflow-hidden\">\n  <div class=\" min-h-top-screen bg-cover bg-center bg-no-repeat\"\n    style=\"background-image: url(https:\/\/www.staging.lesonit.net\/app\/uploads\/2020\/11\/FantoniPeople4.jpg\">\n          <div class=\"absolute inset-0 bg-gradient-to-br from-black to-transparent opacity-50\"><\/div>\n        <div class=\"wrapper text-white relative py-[15vh]\">\n      <h1 class=\"gsap-reveal text-4xl font-semibold uppercase leading-none sm:text-6xl lg:text-8xl\">\n        KARIERA\n      <\/h1>\n          <\/div>\n      <\/div>\n  <\/div><!-- acf\/hero -->\n\n\n<div id=\"block_270835d17abb5f840c9622ee2f2071db\" class=\"wp-block-textcenter py-16 lg:py-24\" style=\"background-color:#ffffff; color:#000000;\">\n  <div class=\"wrapper md:text-center\" style=\"--wrapper-width: 960px;\">\n          <h2 class=\"text-[2.5rem] font-bold leading-none md:text-5xl lg:text-6xl xl:text-7xl\">\n        Prostor za delo, u\u010denje in rast \n        <\/h2>\n          <\/div>\n<\/div><!-- acf\/textcenter -->\n\n\n<div id=\"block_82975d75de2fe830a7883c644bd240e6\" class=\"wp-block-gridtwo relative\" data-layout=\"4\">\n      <div class=\"relative min-h-[40vh] lg:min-h-screen\" style=\" color:#000; \">\n      \n      <img decoding=\"async\" class=\"md:absolute md:inset-0 md:h-full md:w-full md:object-cover md:object-center\"\n        src=\"https:\/\/www.staging.lesonit.net\/app\/uploads\/2020\/11\/FantoniPeople11.jpg\"\n        alt=\"\">\n      <div\n        class=\"justify-end  flex flex-col\">\n        <div class=\"wrapper relative pb-12 pt-5 md:py-12 lg:py-16\">\n          <div\n            class=\" flex flex-col items-start justify-start gap-10 text-black md:w-1\/2 md:text-inherit lg:gap-16\">\n                                              <\/div>\n        <\/div>\n      <\/div>\n    <\/div>\n  <\/div><!-- acf\/gridtwo - layout 4 -->\n\n\n<div id=\"block_a456388bc7a7000e3218026f19b72c52\" class=\"wp-block-textcenter py-16 lg:py-24\" style=\"background-color:#ffffff; color:#000000;\">\n  <div class=\"wrapper md:text-center\" style=\"--wrapper-width: 960px;\">\n          <h2 class=\"text-[2.5rem] font-bold leading-none md:text-5xl lg:text-6xl xl:text-7xl\">\n        Odli\u010dnost izvira iz ljudi \n        <\/h2>\n              <div class=\"pt-10 text-xl leading-snug\">Uspeh Lesonita in Fantonija je zgrajen s pomo\u010djo vseh, ki vsakodnevno prispevajo k uresni\u010devanju njunega poslanstva. \r\n<\/div>\n      <\/div>\n<\/div><!-- acf\/textcenter -->\n\n\n\n<figure class=\"wp-block-image alignfull size-full\"><img decoding=\"async\" width=\"1920\" height=\"673\" src=\"https:\/\/www.staging.lesonit.net\/app\/uploads\/2021\/01\/Talenti.jpg\" alt=\"\" class=\"wp-image-7203\" srcset=\"https:\/\/www.staging.lesonit.net\/app\/uploads\/2021\/01\/Talenti.jpg 1920w, https:\/\/www.staging.lesonit.net\/app\/uploads\/2021\/01\/Talenti-300x105.jpg 300w, https:\/\/www.staging.lesonit.net\/app\/uploads\/2021\/01\/Talenti-1024x359.jpg 1024w, https:\/\/www.staging.lesonit.net\/app\/uploads\/2021\/01\/Talenti-768x269.jpg 768w, https:\/\/www.staging.lesonit.net\/app\/uploads\/2021\/01\/Talenti-480x168.jpg 480w, https:\/\/www.staging.lesonit.net\/app\/uploads\/2021\/01\/Talenti-640x224.jpg 640w, https:\/\/www.staging.lesonit.net\/app\/uploads\/2021\/01\/Talenti-916x321.jpg 916w, https:\/\/www.staging.lesonit.net\/app\/uploads\/2021\/01\/Talenti-1030x361.jpg 1030w, https:\/\/www.staging.lesonit.net\/app\/uploads\/2021\/01\/Talenti-1536x538.jpg 1536w\" sizes=\"(max-width: 1920px) 100vw, 1920px\" \/><\/figure>\n\n\n<div id=\"block_78dd340cb72ba92533f6476f95c8eb53\"\n  class=\"wp-block-textstatic alignfull wrapper my-12 grid grid-cols-1 gap-8 lg:my-16 lg:grid-cols-3 lg:gap-16 xl:gap-24 2xl:gap-32\">\n  <div class=\"lg:col-span-1\">\n    <h2 class=\"text-3xl font-bold leading-none md:text-4xl lg:text-5xl\">Profesionalnost, transparentnost in strast\n      <\/h2>\n  <\/div>\n  <div class=\"lg:col-span-2\">\n    <div class=\"max-w-prose text-lg leading-snug lg:text-xl\">\n      <p>Izbor, izobra\u017eevanje in vklju\u010devanje ljudi v podjetju Lesonit temeljijo na edinstveni dedi\u0161\u010dini ciljev in na\u010del, ki jih podjetje deli s skupino Fantoni. Tesni odnosi z lokalnim okoljem so dobro vidni znotraj same ekipe podjetja, ki jo ve\u010dinoma sestavljajo prebivalci iz okoli\u0161kih krajev.<\/p>\n<p>&nbsp;<\/p>\n\n    <\/div>\n\n      <\/div>\n<\/div><!-- .acf\/textstatic -->\n\n\n<div id=\"block_f4615de362ba32b15795b5fd0fbbb3a4\"\n  class=\"wp-block-textstatic alignfull wrapper my-12 grid grid-cols-1 gap-8 lg:my-16 lg:grid-cols-3 lg:gap-16 xl:gap-24 2xl:gap-32\">\n  <div class=\"lg:col-span-1\">\n    <h2 class=\"text-3xl font-bold leading-none md:text-4xl lg:text-5xl\">Ve\u0161\u010dine, odgovornost, deljenje, varnost\n      <\/h2>\n  <\/div>\n  <div class=\"lg:col-span-2\">\n    <div class=\"max-w-prose text-lg leading-snug lg:text-xl\">\n      <p>Od nekdaj se trudimo razvijati talent v okolju, ki spodbuja kakovost, ve\u0161\u010dine in odgovornost in ki ceni razvoj in izmenjavo znanj, pri tem pa zagotavlja varnost in nadzor nad delovnimi procesi.<\/p>\n\n    <\/div>\n\n      <\/div>\n<\/div><!-- .acf\/textstatic -->\n\n\n<div id=\"block_85c0a9c607740240a573fc1bfd866864\" class=\"wp-block-textcenter py-16 lg:py-24\" style=\"background-color:#ffffff; color:#000000;\">\n  <div class=\"wrapper md:text-center\" style=\"--wrapper-width: 960px;\">\n          <h2 class=\"text-[2.5rem] font-bold leading-none md:text-5xl lg:text-6xl xl:text-7xl\">\n        Svet, poln mo\u017enosti \n        <\/h2>\n              <div class=\"pt-10 text-xl leading-snug\">\u010ce se \u017eelite preizkusiti v mednarodnem in nenehno razvijajo\u010dem se poslovnem okolju, po\u0161ljite \u017eivljenjepis na navedeni e-naslov: u.furlanic@lesonit.net   <\/div>\n      <\/div>\n<\/div><!-- acf\/textcenter -->\n","protected":false},"excerpt":{"rendered":"","protected":false},"author":3,"featured_media":0,"parent":0,"menu_order":0,"comment_status":"closed","ping_status":"closed","template":"","meta":[],"acf":[],"yoast_head":"<!-- This site is optimized with the Yoast SEO plugin v21.5 - https:\/\/yoast.com\/wordpress\/plugins\/seo\/ -->\n<title>Kariera - Lesonit<\/title>\n<meta name=\"description\" content=\"Uspeh Lesonita in Fantonija je zgrajen s pomo\u010djo vseh, ki vsakodnevno prispevajo k uresni\u010devanju njunega poslanstva.\" \/>\n<meta name=\"robots\" content=\"noindex, follow, max-snippet:-1, max-image-preview:large, max-video-preview:-1\" \/>\n<meta property=\"og:locale\" content=\"en_US\" \/>\n<meta property=\"og:type\" content=\"article\" \/>\n<meta property=\"og:title\" content=\"Kariera - Lesonit\" \/>\n<meta property=\"og:description\" content=\"Uspeh Lesonita in Fantonija je zgrajen s pomo\u010djo vseh, ki vsakodnevno prispevajo k uresni\u010devanju njunega poslanstva.\" \/>\n<meta property=\"og:url\" content=\"https:\/\/www.staging.lesonit.net\/kariera\/?lang=sl\" \/>\n<meta property=\"og:site_name\" content=\"Lesonit\" \/>\n<meta property=\"article:publisher\" content=\"https:\/\/facebook.com\/FantoniSPA\" \/>\n<meta property=\"article:modified_time\" content=\"2024-05-21T07:24:46+00:00\" \/>\n<meta property=\"og:image\" content=\"https:\/\/www.staging.lesonit.net\/app\/uploads\/2021\/01\/Talenti.jpg\" \/>\n<meta name=\"twitter:card\" content=\"summary_large_image\" \/>\n<meta name=\"twitter:label1\" content=\"Est. reading time\" \/>\n\t<meta name=\"twitter:data1\" content=\"1 minute\" \/>\n<script type=\"application\/ld+json\" class=\"yoast-schema-graph\">{\"@context\":\"https:\/\/schema.org\",\"@graph\":[{\"@type\":\"WebPage\",\"@id\":\"https:\/\/www.staging.lesonit.net\/kariera\/?lang=sl\",\"url\":\"https:\/\/www.staging.lesonit.net\/kariera\/?lang=sl\",\"name\":\"Kariera - Lesonit\",\"isPartOf\":{\"@id\":\"https:\/\/www.staging.lesonit.net\/?lang=en\/#website\"},\"datePublished\":\"2020-11-13T09:22:03+00:00\",\"dateModified\":\"2024-05-21T07:24:46+00:00\",\"description\":\"Uspeh Lesonita in Fantonija je zgrajen s pomo\u010djo vseh, ki vsakodnevno prispevajo k uresni\u010devanju njunega poslanstva.\",\"breadcrumb\":{\"@id\":\"https:\/\/www.staging.lesonit.net\/kariera\/?lang=sl#breadcrumb\"},\"inLanguage\":\"sl\",\"potentialAction\":[{\"@type\":\"ReadAction\",\"target\":[\"https:\/\/www.staging.lesonit.net\/kariera\/?lang=sl\"]}]},{\"@type\":\"BreadcrumbList\",\"@id\":\"https:\/\/www.staging.lesonit.net\/kariera\/?lang=sl#breadcrumb\",\"itemListElement\":[{\"@type\":\"ListItem\",\"position\":1,\"name\":\"Home\",\"item\":\"https:\/\/www.staging.lesonit.net\/?lang=sl\"},{\"@type\":\"ListItem\",\"position\":2,\"name\":\"Kariera\"}]},{\"@type\":\"WebSite\",\"@id\":\"https:\/\/www.staging.lesonit.net\/?lang=en\/#website\",\"url\":\"https:\/\/www.staging.lesonit.net\/?lang=en\/\",\"name\":\"Fantoni SPA\",\"description\":\"produzione di mobili per ufficio, pannelli truciolari e MDF\",\"publisher\":{\"@id\":\"https:\/\/www.staging.lesonit.net\/?lang=en\/#organization\"},\"potentialAction\":[{\"@type\":\"SearchAction\",\"target\":{\"@type\":\"EntryPoint\",\"urlTemplate\":\"https:\/\/www.staging.lesonit.net\/?lang=en\/?s={search_term_string}\"},\"query-input\":\"required name=search_term_string\"}],\"inLanguage\":\"sl\"},{\"@type\":\"Organization\",\"@id\":\"https:\/\/www.staging.lesonit.net\/?lang=en\/#organization\",\"name\":\"Fantoni SPA\",\"url\":\"https:\/\/www.staging.lesonit.net\/?lang=en\/\",\"logo\":{\"@type\":\"ImageObject\",\"inLanguage\":\"sl\",\"@id\":\"https:\/\/www.staging.lesonit.net\/?lang=en\/#\/schema\/logo\/image\/\",\"url\":\"https:\/\/www.staging.lesonit.net\/app\/uploads\/2021\/02\/fantoni.png\",\"contentUrl\":\"https:\/\/www.staging.lesonit.net\/app\/uploads\/2021\/02\/fantoni.png\",\"width\":512,\"height\":119,\"caption\":\"Fantoni SPA\"},\"image\":{\"@id\":\"https:\/\/www.staging.lesonit.net\/?lang=en\/#\/schema\/logo\/image\/\"},\"sameAs\":[\"https:\/\/facebook.com\/FantoniSPA\",\"https:\/\/www.instagram.com\/fantonigroup\/\",\"https:\/\/www.linkedin.com\/company\/fantoni-spa\",\"https:\/\/www.youtube.com\/user\/fantonigroup\/featured\"]}]}<\/script>\n<!-- \/ Yoast SEO plugin. -->","yoast_head_json":{"title":"Kariera - Lesonit","description":"Uspeh Lesonita in Fantonija je zgrajen s pomo\u010djo vseh, ki vsakodnevno prispevajo k uresni\u010devanju njunega poslanstva.","robots":{"index":"noindex","follow":"follow","max-snippet":"max-snippet:-1","max-image-preview":"max-image-preview:large","max-video-preview":"max-video-preview:-1"},"og_locale":"en_US","og_type":"article","og_title":"Kariera - Lesonit","og_description":"Uspeh Lesonita in Fantonija je zgrajen s pomo\u010djo vseh, ki vsakodnevno prispevajo k uresni\u010devanju njunega poslanstva.","og_url":"https:\/\/www.staging.lesonit.net\/kariera\/?lang=sl","og_site_name":"Lesonit","article_publisher":"https:\/\/facebook.com\/FantoniSPA","article_modified_time":"2024-05-21T07:24:46+00:00","og_image":[{"url":"https:\/\/www.staging.lesonit.net\/app\/uploads\/2021\/01\/Talenti.jpg"}],"twitter_card":"summary_large_image","twitter_misc":{"Est. reading time":"1 minute"},"schema":{"@context":"https:\/\/schema.org","@graph":[{"@type":"WebPage","@id":"https:\/\/www.staging.lesonit.net\/kariera\/?lang=sl","url":"https:\/\/www.staging.lesonit.net\/kariera\/?lang=sl","name":"Kariera - Lesonit","isPartOf":{"@id":"https:\/\/www.staging.lesonit.net\/?lang=en\/#website"},"datePublished":"2020-11-13T09:22:03+00:00","dateModified":"2024-05-21T07:24:46+00:00","description":"Uspeh Lesonita in Fantonija je zgrajen s pomo\u010djo vseh, ki vsakodnevno prispevajo k uresni\u010devanju njunega poslanstva.","breadcrumb":{"@id":"https:\/\/www.staging.lesonit.net\/kariera\/?lang=sl#breadcrumb"},"inLanguage":"sl","potentialAction":[{"@type":"ReadAction","target":["https:\/\/www.staging.lesonit.net\/kariera\/?lang=sl"]}]},{"@type":"BreadcrumbList","@id":"https:\/\/www.staging.lesonit.net\/kariera\/?lang=sl#breadcrumb","itemListElement":[{"@type":"ListItem","position":1,"name":"Home","item":"https:\/\/www.staging.lesonit.net\/?lang=sl"},{"@type":"ListItem","position":2,"name":"Kariera"}]},{"@type":"WebSite","@id":"https:\/\/www.staging.lesonit.net\/?lang=en\/#website","url":"https:\/\/www.staging.lesonit.net\/?lang=en\/","name":"Fantoni SPA","description":"produzione di mobili per ufficio, pannelli truciolari e MDF","publisher":{"@id":"https:\/\/www.staging.lesonit.net\/?lang=en\/#organization"},"potentialAction":[{"@type":"SearchAction","target":{"@type":"EntryPoint","urlTemplate":"https:\/\/www.staging.lesonit.net\/?lang=en\/?s={search_term_string}"},"query-input":"required name=search_term_string"}],"inLanguage":"sl"},{"@type":"Organization","@id":"https:\/\/www.staging.lesonit.net\/?lang=en\/#organization","name":"Fantoni SPA","url":"https:\/\/www.staging.lesonit.net\/?lang=en\/","logo":{"@type":"ImageObject","inLanguage":"sl","@id":"https:\/\/www.staging.lesonit.net\/?lang=en\/#\/schema\/logo\/image\/","url":"https:\/\/www.staging.lesonit.net\/app\/uploads\/2021\/02\/fantoni.png","contentUrl":"https:\/\/www.staging.lesonit.net\/app\/uploads\/2021\/02\/fantoni.png","width":512,"height":119,"caption":"Fantoni SPA"},"image":{"@id":"https:\/\/www.staging.lesonit.net\/?lang=en\/#\/schema\/logo\/image\/"},"sameAs":["https:\/\/facebook.com\/FantoniSPA","https:\/\/www.instagram.com\/fantonigroup\/","https:\/\/www.linkedin.com\/company\/fantoni-spa","https:\/\/www.youtube.com\/user\/fantonigroup\/featured"]}]}},"_links":{"self":[{"href":"https:\/\/www.staging.lesonit.net\/sl\/wp-json\/wp\/v2\/pages\/15307"}],"collection":[{"href":"https:\/\/www.staging.lesonit.net\/sl\/wp-json\/wp\/v2\/pages"}],"about":[{"href":"https:\/\/www.staging.lesonit.net\/sl\/wp-json\/wp\/v2\/types\/page"}],"author":[{"embeddable":true,"href":"https:\/\/www.staging.lesonit.net\/sl\/wp-json\/wp\/v2\/users\/3"}],"replies":[{"embeddable":true,"href":"https:\/\/www.staging.lesonit.net\/sl\/wp-json\/wp\/v2\/comments?post=15307"}],"version-history":[{"count":9,"href":"https:\/\/www.staging.lesonit.net\/sl\/wp-json\/wp\/v2\/pages\/15307\/revisions"}],"predecessor-version":[{"id":16068,"href":"https:\/\/www.staging.lesonit.net\/sl\/wp-json\/wp\/v2\/pages\/15307\/revisions\/16068"}],"wp:attachment":[{"href":"https:\/\/www.staging.lesonit.net\/sl\/wp-json\/wp\/v2\/media?parent=15307"}],"curies":[{"name":"wp","href":"https:\/\/api.w.org\/{rel}","templated":true}]}}