{"id":15290,"date":"2020-12-07T14:07:01","date_gmt":"2020-12-07T14:07:01","guid":{"rendered":"http:\/\/www.staging.lesonit.net\/pannelli\/melamine-faced-panels\/"},"modified":"2024-05-21T07:22:12","modified_gmt":"2024-05-21T07:22:12","slug":"oplemenitene-plosce","status":"publish","type":"page","link":"https:\/\/www.staging.lesonit.net\/sl\/panels\/oplemenitene-plosce\/","title":{"rendered":"Oplemenitene Plo\u0161\u010de"},"content":{"rendered":"<script type=\"text\/javascript\">jQuery(function() { _initLayerSlider( '#layerslider_29_1vvzl9jnha8x2', {createdWith: '6.11.2', sliderVersion: '6.11.2', type: 'fullwidth', pauseOnHover: 'enabled', skin: 'v6', sliderFadeInDuration: 350, navPrevNext: false, hoverPrevNext: false, navStartStop: false, navButtons: false, showCircleTimer: false, useSrcset: true, skinsPath: 'https:\/\/www.staging.lesonit.net\/app\/plugins\/layerslider\/assets\/static\/layerslider\/skins\/', performanceMode: true}); });<\/script><div id=\"layerslider_29_1vvzl9jnha8x2\" class=\"ls-wp-container fitvidsignore\" style=\"width:1280px;height:1000px;margin:0 auto;margin-bottom: 0px;\"><div class=\"ls-slide\" ><div style=\"top:50%;left:50%;background-size:inherit;background-position:inherit;width:1279px;height:719px;font-size:29px;\" class=\"ls-l ls-media-layer\" data-ls=\"autoplay:enabled;muted:enabled;loopmedia:enabled;backgroundvideo:true;parallax:true;parallaxlevel:10;position:relative;\"><video width=\"640\" height=\"360\" preload=\"metadata\" controls><source src=\"\/app\/uploads\/2021\/02\/LoopNobilitati.mp4\" type=\"video\/mp4\" \/><\/video><\/div><\/div><\/div>\n\n<div id=\"block_6fc95d966adbfa8acc0aa8966993f7c7\" class=\"wp-block-panel alignfull\">\n      <div style=\"background-color: #ffffff;\">\n      <div class=\"wrapper grid grid-cols-1 lg:grid-cols-2 lg:items-center\">\n        <div class=\"flex h-full flex-col items-start justify-center bg-cover bg-center bg-no-repeat\"\n          style=\"\">\n          <div class=\"wrapper py-12 lg:py-16\">\n                          <h2 class=\"text-3xl font-bold uppercase md:text-5xl xl:text-7xl\"\n                style=\"color:#000000;\">\n                OPLEMENITENE POVR\u0160INE\n                <\/h2>\n                                  <\/div>\n        <\/div>\n\n        <div class=\"wrapper py-12 lg:py-16\">\n          <p class=\"text-lg leading-snug md:text-xl\">Lesonitove oplemenitene MDF plo\u0161\u010de so lesene plo\u0161\u010de, prevle\u010dene z dekorativnim papirjem, ki je impregniran z melaminsko smolo. Motivi na papirju zajemajo od enobarvnih do lesenih in drugih vzorcev, ustvarjenih za pohi\u0161tveno industrijo. Povr\u0161ino plo\u0161\u010de se \u0161e dodatno poudari z razli\u010dnimi povr\u0161inskimi efekti, ki omogo\u010dajo razli\u010dne tipne ob\u010dutke.\r\n<\/p>\n                      <p class=\"mt-5 text-2xl font-bold leading-tight\">Prenesi<\/p>\n            <ul>\n                              <li>\n                  <a href=\"https:\/\/www.dropbox.com\/s\/6t6jc4847w0y8ss\/Nobilitato.pdf?dl=1\" title=\"Tehni\u010dni list\" target=\"_self\" class=\"inline-block no-underline hover:underline\">\n  <span class=\"mr-2 text-xl font-bold\">Tehni\u010dni list<\/span><svg class=\"inline w-5 h-5 relative top-[-2px]\" width=\"24\" height=\"24\" viewBox=\"0 0 24 24\" fill=\"none\" xmlns=\"http:\/\/www.w3.org\/2000\/svg\">\n<path d=\"M13.5 4.5L21 12M21 12L13.5 19.5M21 12H3\" stroke=\"currentcolor\" stroke-width=\"1.5\" stroke-linecap=\"square\"\/>\n<\/svg>\n<\/a>\n                <\/li>\n                          <\/ul>\n          \n                  <\/div>\n      <\/div>\n    <\/div>\n  <\/div><!-- acf\/panel -->\n\n\n\n<p><\/p>\n","protected":false},"excerpt":{"rendered":"","protected":false},"author":3,"featured_media":0,"parent":15194,"menu_order":0,"comment_status":"closed","ping_status":"closed","template":"","meta":[],"acf":[],"yoast_head":"<!-- This site is optimized with the Yoast SEO plugin v21.5 - https:\/\/yoast.com\/wordpress\/plugins\/seo\/ -->\n<title>Oplemenitene Plo\u0161\u010de - Lesonit<\/title>\n<meta name=\"description\" content=\"esonitove oplemenitene MDF plo\u0161\u010de so lesene plo\u0161\u010de, prevle\u010dene z dekorativnim papirjem, ki je impregniran z melaminsko smolo.\" \/>\n<meta name=\"robots\" content=\"noindex, follow, max-snippet:-1, max-image-preview:large, max-video-preview:-1\" \/>\n<meta property=\"og:locale\" content=\"en_US\" \/>\n<meta property=\"og:type\" content=\"article\" \/>\n<meta property=\"og:title\" content=\"Oplemenitene Plo\u0161\u010de - Lesonit\" \/>\n<meta property=\"og:description\" content=\"esonitove oplemenitene MDF plo\u0161\u010de so lesene plo\u0161\u010de, prevle\u010dene z dekorativnim papirjem, ki je impregniran z melaminsko smolo.\" \/>\n<meta property=\"og:url\" content=\"https:\/\/www.staging.lesonit.net\/panels\/oplemenitene-plosce\/?lang=sl\" \/>\n<meta property=\"og:site_name\" content=\"Lesonit\" \/>\n<meta property=\"article:publisher\" content=\"https:\/\/facebook.com\/FantoniSPA\" \/>\n<meta property=\"article:modified_time\" content=\"2024-05-21T07:22:12+00:00\" \/>\n<meta name=\"twitter:card\" content=\"summary_large_image\" \/>\n<script type=\"application\/ld+json\" class=\"yoast-schema-graph\">{\"@context\":\"https:\/\/schema.org\",\"@graph\":[{\"@type\":\"WebPage\",\"@id\":\"https:\/\/www.staging.lesonit.net\/panels\/oplemenitene-plosce\/?lang=sl\",\"url\":\"https:\/\/www.staging.lesonit.net\/panels\/oplemenitene-plosce\/?lang=sl\",\"name\":\"Oplemenitene Plo\u0161\u010de - Lesonit\",\"isPartOf\":{\"@id\":\"https:\/\/www.staging.lesonit.net\/?lang=en\/#website\"},\"datePublished\":\"2020-12-07T14:07:01+00:00\",\"dateModified\":\"2024-05-21T07:22:12+00:00\",\"description\":\"esonitove oplemenitene MDF plo\u0161\u010de so lesene plo\u0161\u010de, prevle\u010dene z dekorativnim papirjem, ki je impregniran z melaminsko smolo.\",\"breadcrumb\":{\"@id\":\"https:\/\/www.staging.lesonit.net\/panels\/oplemenitene-plosce\/?lang=sl#breadcrumb\"},\"inLanguage\":\"sl\",\"potentialAction\":[{\"@type\":\"ReadAction\",\"target\":[\"https:\/\/www.staging.lesonit.net\/panels\/oplemenitene-plosce\/?lang=sl\"]}]},{\"@type\":\"BreadcrumbList\",\"@id\":\"https:\/\/www.staging.lesonit.net\/panels\/oplemenitene-plosce\/?lang=sl#breadcrumb\",\"itemListElement\":[{\"@type\":\"ListItem\",\"position\":1,\"name\":\"Home\",\"item\":\"https:\/\/www.staging.lesonit.net\/?lang=sl\"},{\"@type\":\"ListItem\",\"position\":2,\"name\":\"panels\",\"item\":\"https:\/\/www.staging.lesonit.net\/panels\/?lang=sl\"},{\"@type\":\"ListItem\",\"position\":3,\"name\":\"Oplemenitene Plo\u0161\u010de\"}]},{\"@type\":\"WebSite\",\"@id\":\"https:\/\/www.staging.lesonit.net\/?lang=en\/#website\",\"url\":\"https:\/\/www.staging.lesonit.net\/?lang=en\/\",\"name\":\"Fantoni SPA\",\"description\":\"produzione di mobili per ufficio, pannelli truciolari e MDF\",\"publisher\":{\"@id\":\"https:\/\/www.staging.lesonit.net\/?lang=en\/#organization\"},\"potentialAction\":[{\"@type\":\"SearchAction\",\"target\":{\"@type\":\"EntryPoint\",\"urlTemplate\":\"https:\/\/www.staging.lesonit.net\/?lang=en\/?s={search_term_string}\"},\"query-input\":\"required name=search_term_string\"}],\"inLanguage\":\"sl\"},{\"@type\":\"Organization\",\"@id\":\"https:\/\/www.staging.lesonit.net\/?lang=en\/#organization\",\"name\":\"Fantoni SPA\",\"url\":\"https:\/\/www.staging.lesonit.net\/?lang=en\/\",\"logo\":{\"@type\":\"ImageObject\",\"inLanguage\":\"sl\",\"@id\":\"https:\/\/www.staging.lesonit.net\/?lang=en\/#\/schema\/logo\/image\/\",\"url\":\"https:\/\/www.staging.lesonit.net\/app\/uploads\/2021\/02\/fantoni.png\",\"contentUrl\":\"https:\/\/www.staging.lesonit.net\/app\/uploads\/2021\/02\/fantoni.png\",\"width\":512,\"height\":119,\"caption\":\"Fantoni SPA\"},\"image\":{\"@id\":\"https:\/\/www.staging.lesonit.net\/?lang=en\/#\/schema\/logo\/image\/\"},\"sameAs\":[\"https:\/\/facebook.com\/FantoniSPA\",\"https:\/\/www.instagram.com\/fantonigroup\/\",\"https:\/\/www.linkedin.com\/company\/fantoni-spa\",\"https:\/\/www.youtube.com\/user\/fantonigroup\/featured\"]}]}<\/script>\n<!-- \/ Yoast SEO plugin. -->","yoast_head_json":{"title":"Oplemenitene Plo\u0161\u010de - Lesonit","description":"esonitove oplemenitene MDF plo\u0161\u010de so lesene plo\u0161\u010de, prevle\u010dene z dekorativnim papirjem, ki je impregniran z melaminsko smolo.","robots":{"index":"noindex","follow":"follow","max-snippet":"max-snippet:-1","max-image-preview":"max-image-preview:large","max-video-preview":"max-video-preview:-1"},"og_locale":"en_US","og_type":"article","og_title":"Oplemenitene Plo\u0161\u010de - Lesonit","og_description":"esonitove oplemenitene MDF plo\u0161\u010de so lesene plo\u0161\u010de, prevle\u010dene z dekorativnim papirjem, ki je impregniran z melaminsko smolo.","og_url":"https:\/\/www.staging.lesonit.net\/panels\/oplemenitene-plosce\/?lang=sl","og_site_name":"Lesonit","article_publisher":"https:\/\/facebook.com\/FantoniSPA","article_modified_time":"2024-05-21T07:22:12+00:00","twitter_card":"summary_large_image","schema":{"@context":"https:\/\/schema.org","@graph":[{"@type":"WebPage","@id":"https:\/\/www.staging.lesonit.net\/panels\/oplemenitene-plosce\/?lang=sl","url":"https:\/\/www.staging.lesonit.net\/panels\/oplemenitene-plosce\/?lang=sl","name":"Oplemenitene Plo\u0161\u010de - Lesonit","isPartOf":{"@id":"https:\/\/www.staging.lesonit.net\/?lang=en\/#website"},"datePublished":"2020-12-07T14:07:01+00:00","dateModified":"2024-05-21T07:22:12+00:00","description":"esonitove oplemenitene MDF plo\u0161\u010de so lesene plo\u0161\u010de, prevle\u010dene z dekorativnim papirjem, ki je impregniran z melaminsko smolo.","breadcrumb":{"@id":"https:\/\/www.staging.lesonit.net\/panels\/oplemenitene-plosce\/?lang=sl#breadcrumb"},"inLanguage":"sl","potentialAction":[{"@type":"ReadAction","target":["https:\/\/www.staging.lesonit.net\/panels\/oplemenitene-plosce\/?lang=sl"]}]},{"@type":"BreadcrumbList","@id":"https:\/\/www.staging.lesonit.net\/panels\/oplemenitene-plosce\/?lang=sl#breadcrumb","itemListElement":[{"@type":"ListItem","position":1,"name":"Home","item":"https:\/\/www.staging.lesonit.net\/?lang=sl"},{"@type":"ListItem","position":2,"name":"panels","item":"https:\/\/www.staging.lesonit.net\/panels\/?lang=sl"},{"@type":"ListItem","position":3,"name":"Oplemenitene Plo\u0161\u010de"}]},{"@type":"WebSite","@id":"https:\/\/www.staging.lesonit.net\/?lang=en\/#website","url":"https:\/\/www.staging.lesonit.net\/?lang=en\/","name":"Fantoni SPA","description":"produzione di mobili per ufficio, pannelli truciolari e MDF","publisher":{"@id":"https:\/\/www.staging.lesonit.net\/?lang=en\/#organization"},"potentialAction":[{"@type":"SearchAction","target":{"@type":"EntryPoint","urlTemplate":"https:\/\/www.staging.lesonit.net\/?lang=en\/?s={search_term_string}"},"query-input":"required name=search_term_string"}],"inLanguage":"sl"},{"@type":"Organization","@id":"https:\/\/www.staging.lesonit.net\/?lang=en\/#organization","name":"Fantoni SPA","url":"https:\/\/www.staging.lesonit.net\/?lang=en\/","logo":{"@type":"ImageObject","inLanguage":"sl","@id":"https:\/\/www.staging.lesonit.net\/?lang=en\/#\/schema\/logo\/image\/","url":"https:\/\/www.staging.lesonit.net\/app\/uploads\/2021\/02\/fantoni.png","contentUrl":"https:\/\/www.staging.lesonit.net\/app\/uploads\/2021\/02\/fantoni.png","width":512,"height":119,"caption":"Fantoni SPA"},"image":{"@id":"https:\/\/www.staging.lesonit.net\/?lang=en\/#\/schema\/logo\/image\/"},"sameAs":["https:\/\/facebook.com\/FantoniSPA","https:\/\/www.instagram.com\/fantonigroup\/","https:\/\/www.linkedin.com\/company\/fantoni-spa","https:\/\/www.youtube.com\/user\/fantonigroup\/featured"]}]}},"_links":{"self":[{"href":"https:\/\/www.staging.lesonit.net\/sl\/wp-json\/wp\/v2\/pages\/15290"}],"collection":[{"href":"https:\/\/www.staging.lesonit.net\/sl\/wp-json\/wp\/v2\/pages"}],"about":[{"href":"https:\/\/www.staging.lesonit.net\/sl\/wp-json\/wp\/v2\/types\/page"}],"author":[{"embeddable":true,"href":"https:\/\/www.staging.lesonit.net\/sl\/wp-json\/wp\/v2\/users\/3"}],"replies":[{"embeddable":true,"href":"https:\/\/www.staging.lesonit.net\/sl\/wp-json\/wp\/v2\/comments?post=15290"}],"version-history":[{"count":8,"href":"https:\/\/www.staging.lesonit.net\/sl\/wp-json\/wp\/v2\/pages\/15290\/revisions"}],"predecessor-version":[{"id":16066,"href":"https:\/\/www.staging.lesonit.net\/sl\/wp-json\/wp\/v2\/pages\/15290\/revisions\/16066"}],"up":[{"embeddable":true,"href":"https:\/\/www.staging.lesonit.net\/sl\/wp-json\/wp\/v2\/pages\/15194"}],"wp:attachment":[{"href":"https:\/\/www.staging.lesonit.net\/sl\/wp-json\/wp\/v2\/media?parent=15290"}],"curies":[{"name":"wp","href":"https:\/\/api.w.org\/{rel}","templated":true}]}}