{"id":15279,"date":"2021-01-25T14:37:01","date_gmt":"2021-01-25T14:37:01","guid":{"rendered":"http:\/\/www.staging.lesonit.net\/news\/"},"modified":"2024-05-21T07:05:36","modified_gmt":"2024-05-21T07:05:36","slug":"novice","status":"publish","type":"page","link":"https:\/\/www.staging.lesonit.net\/sl\/novice\/","title":{"rendered":"Novice"},"content":{"rendered":"","protected":false},"excerpt":{"rendered":"","protected":false},"author":7,"featured_media":0,"parent":0,"menu_order":0,"comment_status":"closed","ping_status":"closed","template":"template-news.blade.php","meta":[],"acf":[],"yoast_head":"<!-- This site is optimized with the Yoast SEO plugin v21.5 - https:\/\/yoast.com\/wordpress\/plugins\/seo\/ -->\n<title>Novice - Lesonit<\/title>\n<meta name=\"description\" content=\"Bi radi izvedeli ve\u010d o Lesonitu? Bodite na teko\u010dem z najnovej\u0161imi novicami o podjetju in preberite te \u010dlanke!\" \/>\n<meta name=\"robots\" content=\"noindex, follow, max-snippet:-1, max-image-preview:large, max-video-preview:-1\" \/>\n<meta property=\"og:locale\" content=\"en_US\" \/>\n<meta property=\"og:type\" content=\"article\" \/>\n<meta property=\"og:title\" content=\"Novice - Lesonit\" \/>\n<meta property=\"og:description\" content=\"Bi radi izvedeli ve\u010d o Lesonitu? Bodite na teko\u010dem z najnovej\u0161imi novicami o podjetju in preberite te \u010dlanke!\" \/>\n<meta property=\"og:url\" content=\"https:\/\/www.staging.lesonit.net\/novice\/?lang=sl\" \/>\n<meta property=\"og:site_name\" content=\"Lesonit\" \/>\n<meta property=\"article:publisher\" content=\"https:\/\/facebook.com\/FantoniSPA\" \/>\n<meta property=\"article:modified_time\" content=\"2024-05-21T07:05:36+00:00\" \/>\n<meta name=\"twitter:card\" content=\"summary_large_image\" \/>\n<script type=\"application\/ld+json\" class=\"yoast-schema-graph\">{\"@context\":\"https:\/\/schema.org\",\"@graph\":[{\"@type\":\"WebPage\",\"@id\":\"https:\/\/www.staging.lesonit.net\/novice\/?lang=sl\",\"url\":\"https:\/\/www.staging.lesonit.net\/novice\/?lang=sl\",\"name\":\"Novice - Lesonit\",\"isPartOf\":{\"@id\":\"https:\/\/www.staging.lesonit.net\/?lang=en\/#website\"},\"datePublished\":\"2021-01-25T14:37:01+00:00\",\"dateModified\":\"2024-05-21T07:05:36+00:00\",\"description\":\"Bi radi izvedeli ve\u010d o Lesonitu? Bodite na teko\u010dem z najnovej\u0161imi novicami o podjetju in preberite te \u010dlanke!\",\"breadcrumb\":{\"@id\":\"https:\/\/www.staging.lesonit.net\/novice\/?lang=sl#breadcrumb\"},\"inLanguage\":\"sl\",\"potentialAction\":[{\"@type\":\"ReadAction\",\"target\":[\"https:\/\/www.staging.lesonit.net\/novice\/?lang=sl\"]}]},{\"@type\":\"BreadcrumbList\",\"@id\":\"https:\/\/www.staging.lesonit.net\/novice\/?lang=sl#breadcrumb\",\"itemListElement\":[{\"@type\":\"ListItem\",\"position\":1,\"name\":\"Home\",\"item\":\"https:\/\/www.staging.lesonit.net\/?lang=sl\"},{\"@type\":\"ListItem\",\"position\":2,\"name\":\"Novice\"}]},{\"@type\":\"WebSite\",\"@id\":\"https:\/\/www.staging.lesonit.net\/?lang=en\/#website\",\"url\":\"https:\/\/www.staging.lesonit.net\/?lang=en\/\",\"name\":\"Fantoni SPA\",\"description\":\"produzione di mobili per ufficio, pannelli truciolari e MDF\",\"publisher\":{\"@id\":\"https:\/\/www.staging.lesonit.net\/?lang=en\/#organization\"},\"potentialAction\":[{\"@type\":\"SearchAction\",\"target\":{\"@type\":\"EntryPoint\",\"urlTemplate\":\"https:\/\/www.staging.lesonit.net\/?lang=en\/?s={search_term_string}\"},\"query-input\":\"required name=search_term_string\"}],\"inLanguage\":\"sl\"},{\"@type\":\"Organization\",\"@id\":\"https:\/\/www.staging.lesonit.net\/?lang=en\/#organization\",\"name\":\"Fantoni SPA\",\"url\":\"https:\/\/www.staging.lesonit.net\/?lang=en\/\",\"logo\":{\"@type\":\"ImageObject\",\"inLanguage\":\"sl\",\"@id\":\"https:\/\/www.staging.lesonit.net\/?lang=en\/#\/schema\/logo\/image\/\",\"url\":\"https:\/\/www.staging.lesonit.net\/app\/uploads\/2021\/02\/fantoni.png\",\"contentUrl\":\"https:\/\/www.staging.lesonit.net\/app\/uploads\/2021\/02\/fantoni.png\",\"width\":512,\"height\":119,\"caption\":\"Fantoni SPA\"},\"image\":{\"@id\":\"https:\/\/www.staging.lesonit.net\/?lang=en\/#\/schema\/logo\/image\/\"},\"sameAs\":[\"https:\/\/facebook.com\/FantoniSPA\",\"https:\/\/www.instagram.com\/fantonigroup\/\",\"https:\/\/www.linkedin.com\/company\/fantoni-spa\",\"https:\/\/www.youtube.com\/user\/fantonigroup\/featured\"]}]}<\/script>\n<!-- \/ Yoast SEO plugin. -->","yoast_head_json":{"title":"Novice - Lesonit","description":"Bi radi izvedeli ve\u010d o Lesonitu? Bodite na teko\u010dem z najnovej\u0161imi novicami o podjetju in preberite te \u010dlanke!","robots":{"index":"noindex","follow":"follow","max-snippet":"max-snippet:-1","max-image-preview":"max-image-preview:large","max-video-preview":"max-video-preview:-1"},"og_locale":"en_US","og_type":"article","og_title":"Novice - Lesonit","og_description":"Bi radi izvedeli ve\u010d o Lesonitu? Bodite na teko\u010dem z najnovej\u0161imi novicami o podjetju in preberite te \u010dlanke!","og_url":"https:\/\/www.staging.lesonit.net\/novice\/?lang=sl","og_site_name":"Lesonit","article_publisher":"https:\/\/facebook.com\/FantoniSPA","article_modified_time":"2024-05-21T07:05:36+00:00","twitter_card":"summary_large_image","schema":{"@context":"https:\/\/schema.org","@graph":[{"@type":"WebPage","@id":"https:\/\/www.staging.lesonit.net\/novice\/?lang=sl","url":"https:\/\/www.staging.lesonit.net\/novice\/?lang=sl","name":"Novice - Lesonit","isPartOf":{"@id":"https:\/\/www.staging.lesonit.net\/?lang=en\/#website"},"datePublished":"2021-01-25T14:37:01+00:00","dateModified":"2024-05-21T07:05:36+00:00","description":"Bi radi izvedeli ve\u010d o Lesonitu? Bodite na teko\u010dem z najnovej\u0161imi novicami o podjetju in preberite te \u010dlanke!","breadcrumb":{"@id":"https:\/\/www.staging.lesonit.net\/novice\/?lang=sl#breadcrumb"},"inLanguage":"sl","potentialAction":[{"@type":"ReadAction","target":["https:\/\/www.staging.lesonit.net\/novice\/?lang=sl"]}]},{"@type":"BreadcrumbList","@id":"https:\/\/www.staging.lesonit.net\/novice\/?lang=sl#breadcrumb","itemListElement":[{"@type":"ListItem","position":1,"name":"Home","item":"https:\/\/www.staging.lesonit.net\/?lang=sl"},{"@type":"ListItem","position":2,"name":"Novice"}]},{"@type":"WebSite","@id":"https:\/\/www.staging.lesonit.net\/?lang=en\/#website","url":"https:\/\/www.staging.lesonit.net\/?lang=en\/","name":"Fantoni SPA","description":"produzione di mobili per ufficio, pannelli truciolari e MDF","publisher":{"@id":"https:\/\/www.staging.lesonit.net\/?lang=en\/#organization"},"potentialAction":[{"@type":"SearchAction","target":{"@type":"EntryPoint","urlTemplate":"https:\/\/www.staging.lesonit.net\/?lang=en\/?s={search_term_string}"},"query-input":"required name=search_term_string"}],"inLanguage":"sl"},{"@type":"Organization","@id":"https:\/\/www.staging.lesonit.net\/?lang=en\/#organization","name":"Fantoni SPA","url":"https:\/\/www.staging.lesonit.net\/?lang=en\/","logo":{"@type":"ImageObject","inLanguage":"sl","@id":"https:\/\/www.staging.lesonit.net\/?lang=en\/#\/schema\/logo\/image\/","url":"https:\/\/www.staging.lesonit.net\/app\/uploads\/2021\/02\/fantoni.png","contentUrl":"https:\/\/www.staging.lesonit.net\/app\/uploads\/2021\/02\/fantoni.png","width":512,"height":119,"caption":"Fantoni SPA"},"image":{"@id":"https:\/\/www.staging.lesonit.net\/?lang=en\/#\/schema\/logo\/image\/"},"sameAs":["https:\/\/facebook.com\/FantoniSPA","https:\/\/www.instagram.com\/fantonigroup\/","https:\/\/www.linkedin.com\/company\/fantoni-spa","https:\/\/www.youtube.com\/user\/fantonigroup\/featured"]}]}},"_links":{"self":[{"href":"https:\/\/www.staging.lesonit.net\/sl\/wp-json\/wp\/v2\/pages\/15279"}],"collection":[{"href":"https:\/\/www.staging.lesonit.net\/sl\/wp-json\/wp\/v2\/pages"}],"about":[{"href":"https:\/\/www.staging.lesonit.net\/sl\/wp-json\/wp\/v2\/types\/page"}],"author":[{"embeddable":true,"href":"https:\/\/www.staging.lesonit.net\/sl\/wp-json\/wp\/v2\/users\/7"}],"replies":[{"embeddable":true,"href":"https:\/\/www.staging.lesonit.net\/sl\/wp-json\/wp\/v2\/comments?post=15279"}],"version-history":[{"count":1,"href":"https:\/\/www.staging.lesonit.net\/sl\/wp-json\/wp\/v2\/pages\/15279\/revisions"}],"predecessor-version":[{"id":15561,"href":"https:\/\/www.staging.lesonit.net\/sl\/wp-json\/wp\/v2\/pages\/15279\/revisions\/15561"}],"wp:attachment":[{"href":"https:\/\/www.staging.lesonit.net\/sl\/wp-json\/wp\/v2\/media?parent=15279"}],"curies":[{"name":"wp","href":"https:\/\/api.w.org\/{rel}","templated":true}]}}