{"id":15228,"date":"2021-01-20T07:52:32","date_gmt":"2021-01-20T07:52:32","guid":{"rendered":"http:\/\/www.staging.lesonit.net\/group\/vertical-integration\/"},"modified":"2024-05-21T06:48:55","modified_gmt":"2024-05-21T06:48:55","slug":"vertical-integration","status":"publish","type":"page","link":"https:\/\/www.staging.lesonit.net\/sl\/group\/vertical-integration\/","title":{"rendered":"Vertical Integration"},"content":{"rendered":"<div id=\"block_fdfc79eb04ee4519ac464d59d45f5d48\" class=\"wp-block-hero alignfull relative overflow-hidden\">\n  <div class=\" min-h-top-screen bg-cover bg-center bg-no-repeat\"\n    style=\"background-image: url(https:\/\/www.staging.lesonit.net\/app\/uploads\/2021\/01\/Verticalizzazione-corteccia.jpg\">\n          <div class=\"absolute inset-0 bg-gradient-to-br from-black to-transparent opacity-50\"><\/div>\n        <div class=\"wrapper text-white relative py-[15vh]\">\n      <h1 class=\"gsap-reveal text-4xl font-semibold uppercase leading-none sm:text-6xl lg:text-8xl\">\n        VERTIKALNA INTEGRACIJA\n      <\/h1>\n          <\/div>\n      <\/div>\n  <\/div><!-- acf\/hero -->\n\n\n<div id=\"block_62c8f1043d5a29efd9455339c3da5170\" class=\"wp-block-textcenter py-16 lg:py-24\" style=\"background-color:#ffffff; color:#000000;\">\n  <div class=\"wrapper md:text-center\" style=\"--wrapper-width: 960px;\">\n          <h2 class=\"text-[2.5rem] font-bold leading-none md:text-5xl lg:text-6xl xl:text-7xl\">\n        Prednost tako za podjetje kot za okolje \n        <\/h2>\n          <\/div>\n<\/div><!-- acf\/textcenter -->\n\n\n\n<figure class=\"wp-block-image alignfull size-full\"><img decoding=\"async\" width=\"1920\" height=\"536\" src=\"https:\/\/www.staging.lesonit.net\/app\/uploads\/2021\/01\/Verticalizzazione.jpg\" alt=\"\" class=\"wp-image-7452\" srcset=\"https:\/\/www.staging.lesonit.net\/app\/uploads\/2021\/01\/Verticalizzazione.jpg 1920w, https:\/\/www.staging.lesonit.net\/app\/uploads\/2021\/01\/Verticalizzazione-300x84.jpg 300w, https:\/\/www.staging.lesonit.net\/app\/uploads\/2021\/01\/Verticalizzazione-1024x286.jpg 1024w, https:\/\/www.staging.lesonit.net\/app\/uploads\/2021\/01\/Verticalizzazione-768x214.jpg 768w, https:\/\/www.staging.lesonit.net\/app\/uploads\/2021\/01\/Verticalizzazione-480x134.jpg 480w, https:\/\/www.staging.lesonit.net\/app\/uploads\/2021\/01\/Verticalizzazione-640x179.jpg 640w, https:\/\/www.staging.lesonit.net\/app\/uploads\/2021\/01\/Verticalizzazione-916x256.jpg 916w, https:\/\/www.staging.lesonit.net\/app\/uploads\/2021\/01\/Verticalizzazione-1030x288.jpg 1030w, https:\/\/www.staging.lesonit.net\/app\/uploads\/2021\/01\/Verticalizzazione-1536x429.jpg 1536w\" sizes=\"(max-width: 1920px) 100vw, 1920px\" \/><\/figure>\n\n\n<div id=\"block_dece852da9ec9f7646625928f6f956aa\"\n  class=\"wp-block-textstatic alignfull wrapper my-12 grid grid-cols-1 gap-8 lg:my-16 lg:grid-cols-3 lg:gap-16 xl:gap-24 2xl:gap-32\">\n  <div class=\"lg:col-span-1\">\n    <h2 class=\"text-3xl font-bold leading-none md:text-4xl lg:text-5xl\">Strate\u0161ka prednost  \n      <\/h2>\n  <\/div>\n  <div class=\"lg:col-span-2\">\n    <div class=\"max-w-prose text-lg leading-snug lg:text-xl\">\n      <p>Fantoni se je kot edini v svojem sektorju odlo\u010dil za interno integracijo in upravljanje vseh potrebnih funkcij znotraj celotne verige. Energija, surovina, polizdelki ter kon\u010dni izdelki, logistika in oblikovanje so elementi celovite strategije, ki temelji na avtonomiji in neposrednem nadzoru kakovosti.<\/p>\n<p>&nbsp;<\/p>\n<p>Tak\u0161en pristop ima pomembne prednosti tako za podjetja znotraj skupine kot za okolje. Usklajenost in fleksibilnost procesov ter obdelovalnih postopkov zagotavljajo ne le \u010dasovno optimizacijo ter obvladovanje stro\u0161kov, ampak predvsem u\u010dinkovito uporabo energije in materialov ter hkrati\u00a0 prispevajo k zmanj\u0161anju vplivov na okolje.<\/p>\n<p>&nbsp;<\/p>\n\n    <\/div>\n\n      <\/div>\n<\/div><!-- .acf\/textstatic -->\n\n\n\n<figure class=\"wp-block-image alignfull size-full\"><img decoding=\"async\" width=\"2560\" height=\"858\" src=\"https:\/\/www.staging.lesonit.net\/app\/uploads\/2021\/01\/Azienda-aerea-000-scaled.jpg\" alt=\"\" class=\"wp-image-7457\" srcset=\"https:\/\/www.staging.lesonit.net\/app\/uploads\/2021\/01\/Azienda-aerea-000-scaled.jpg 2560w, https:\/\/www.staging.lesonit.net\/app\/uploads\/2021\/01\/Azienda-aerea-000-300x101.jpg 300w, https:\/\/www.staging.lesonit.net\/app\/uploads\/2021\/01\/Azienda-aerea-000-1024x343.jpg 1024w, https:\/\/www.staging.lesonit.net\/app\/uploads\/2021\/01\/Azienda-aerea-000-768x257.jpg 768w, https:\/\/www.staging.lesonit.net\/app\/uploads\/2021\/01\/Azienda-aerea-000-480x161.jpg 480w, https:\/\/www.staging.lesonit.net\/app\/uploads\/2021\/01\/Azienda-aerea-000-640x215.jpg 640w, https:\/\/www.staging.lesonit.net\/app\/uploads\/2021\/01\/Azienda-aerea-000-916x307.jpg 916w, https:\/\/www.staging.lesonit.net\/app\/uploads\/2021\/01\/Azienda-aerea-000-1030x345.jpg 1030w, https:\/\/www.staging.lesonit.net\/app\/uploads\/2021\/01\/Azienda-aerea-000-1536x515.jpg 1536w, https:\/\/www.staging.lesonit.net\/app\/uploads\/2021\/01\/Azienda-aerea-000-2048x686.jpg 2048w\" sizes=\"(max-width: 2560px) 100vw, 2560px\" \/><\/figure>\n\n\n<div id=\"block_e2293c782e041bb972ad5eeb3c1f9a43\" class=\"wp-block-textcenter py-16 lg:py-24\" style=\"background-color:#ffffff; color:#000000;\">\n  <div class=\"wrapper md:text-center\" style=\"--wrapper-width: 960px;\">\n          <h2 class=\"text-[2.5rem] font-bold leading-none md:text-5xl lg:text-6xl xl:text-7xl\">\n        Avrtonomija, kakovost, u\u010dinkovitost: od energije do materialov ter od designa do izdelka\n        <\/h2>\n          <\/div>\n<\/div><!-- acf\/textcenter -->\n\n\n\n<figure class=\"wp-block-image alignfull size-full\"><img decoding=\"async\" width=\"1920\" height=\"597\" src=\"https:\/\/www.staging.lesonit.net\/app\/uploads\/2021\/01\/Centrale2.jpg\" alt=\"\" class=\"wp-image-7469\" srcset=\"https:\/\/www.staging.lesonit.net\/app\/uploads\/2021\/01\/Centrale2.jpg 1920w, https:\/\/www.staging.lesonit.net\/app\/uploads\/2021\/01\/Centrale2-300x93.jpg 300w, https:\/\/www.staging.lesonit.net\/app\/uploads\/2021\/01\/Centrale2-1024x318.jpg 1024w, https:\/\/www.staging.lesonit.net\/app\/uploads\/2021\/01\/Centrale2-768x239.jpg 768w, https:\/\/www.staging.lesonit.net\/app\/uploads\/2021\/01\/Centrale2-480x149.jpg 480w, https:\/\/www.staging.lesonit.net\/app\/uploads\/2021\/01\/Centrale2-640x199.jpg 640w, https:\/\/www.staging.lesonit.net\/app\/uploads\/2021\/01\/Centrale2-916x285.jpg 916w, https:\/\/www.staging.lesonit.net\/app\/uploads\/2021\/01\/Centrale2-1030x320.jpg 1030w, https:\/\/www.staging.lesonit.net\/app\/uploads\/2021\/01\/Centrale2-1536x478.jpg 1536w\" sizes=\"(max-width: 1920px) 100vw, 1920px\" \/><\/figure>\n\n\n<div id=\"block_9b2bab9e48a08e66e436401fb7437f90\"\n  class=\"wp-block-textstatic alignfull wrapper my-12 grid grid-cols-1 gap-8 lg:my-16 lg:grid-cols-3 lg:gap-16 xl:gap-24 2xl:gap-32\">\n  <div class=\"lg:col-span-1\">\n    <h2 class=\"text-3xl font-bold leading-none md:text-4xl lg:text-5xl\">Vertikalna integracija\n      <\/h2>\n  <\/div>\n  <div class=\"lg:col-span-2\">\n    <div class=\"max-w-prose text-lg leading-snug lg:text-xl\">\n      <p>Lesna surovina se predeluje v celoti znotraj skupine Fantoni, lastna proizvodnja energije iz obnovljivih virov pa je izhodi\u0161\u010de za vertikalno integracijo. Integracija je poleg tega vodilno na\u010delo Oddelka za razvoj izdelkov, ki celovito obravnava vse vidike, povezane z razvojem izdelkov za na\u0161e stranke.<\/p>\n<p>&nbsp;<\/p>\n\n    <\/div>\n\n      <\/div>\n<\/div><!-- .acf\/textstatic -->\n\n\n\n<p><\/p>\n","protected":false},"excerpt":{"rendered":"","protected":false},"author":3,"featured_media":0,"parent":15165,"menu_order":0,"comment_status":"closed","ping_status":"closed","template":"","meta":[],"acf":[],"yoast_head":"<!-- This site is optimized with the Yoast SEO plugin v21.5 - https:\/\/yoast.com\/wordpress\/plugins\/seo\/ -->\n<title>Vertical Integration - Lesonit<\/title>\n<meta name=\"description\" content=\"Autonomy, quality, efficiency: Lesonit contributes to the vertical integration of the Fantoni Group, to which it belongs.\" \/>\n<meta name=\"robots\" content=\"noindex, follow, max-snippet:-1, max-image-preview:large, max-video-preview:-1\" \/>\n<meta property=\"og:locale\" content=\"en_US\" \/>\n<meta property=\"og:type\" content=\"article\" \/>\n<meta property=\"og:title\" content=\"Vertical Integration - Lesonit\" \/>\n<meta property=\"og:description\" content=\"Autonomy, quality, efficiency: Lesonit contributes to the vertical integration of the Fantoni Group, to which it belongs.\" \/>\n<meta property=\"og:url\" content=\"https:\/\/www.staging.lesonit.net\/group\/vertical-integration\/?lang=sl\" \/>\n<meta property=\"og:site_name\" content=\"Lesonit\" \/>\n<meta property=\"article:publisher\" content=\"https:\/\/facebook.com\/FantoniSPA\" \/>\n<meta property=\"article:modified_time\" content=\"2024-05-21T06:48:55+00:00\" \/>\n<meta property=\"og:image\" content=\"https:\/\/www.staging.lesonit.net\/app\/uploads\/2021\/01\/Verticalizzazione.jpg\" \/>\n<meta name=\"twitter:card\" content=\"summary_large_image\" \/>\n<meta name=\"twitter:label1\" content=\"Est. reading time\" \/>\n\t<meta name=\"twitter:data1\" content=\"1 minute\" \/>\n<script type=\"application\/ld+json\" class=\"yoast-schema-graph\">{\"@context\":\"https:\/\/schema.org\",\"@graph\":[{\"@type\":\"WebPage\",\"@id\":\"https:\/\/www.staging.lesonit.net\/group\/vertical-integration\/?lang=sl\",\"url\":\"https:\/\/www.staging.lesonit.net\/group\/vertical-integration\/?lang=sl\",\"name\":\"Vertical Integration - Lesonit\",\"isPartOf\":{\"@id\":\"https:\/\/www.staging.lesonit.net\/?lang=en\/#website\"},\"datePublished\":\"2021-01-20T07:52:32+00:00\",\"dateModified\":\"2024-05-21T06:48:55+00:00\",\"description\":\"Autonomy, quality, efficiency: Lesonit contributes to the vertical integration of the Fantoni Group, to which it belongs.\",\"breadcrumb\":{\"@id\":\"https:\/\/www.staging.lesonit.net\/group\/vertical-integration\/?lang=sl#breadcrumb\"},\"inLanguage\":\"sl\",\"potentialAction\":[{\"@type\":\"ReadAction\",\"target\":[\"https:\/\/www.staging.lesonit.net\/group\/vertical-integration\/?lang=sl\"]}]},{\"@type\":\"BreadcrumbList\",\"@id\":\"https:\/\/www.staging.lesonit.net\/group\/vertical-integration\/?lang=sl#breadcrumb\",\"itemListElement\":[{\"@type\":\"ListItem\",\"position\":1,\"name\":\"Home\",\"item\":\"https:\/\/www.staging.lesonit.net\/?lang=sl\"},{\"@type\":\"ListItem\",\"position\":2,\"name\":\"Group\",\"item\":\"https:\/\/www.staging.lesonit.net\/group\/?lang=sl\"},{\"@type\":\"ListItem\",\"position\":3,\"name\":\"Vertical Integration\"}]},{\"@type\":\"WebSite\",\"@id\":\"https:\/\/www.staging.lesonit.net\/?lang=en\/#website\",\"url\":\"https:\/\/www.staging.lesonit.net\/?lang=en\/\",\"name\":\"Fantoni SPA\",\"description\":\"produzione di mobili per ufficio, pannelli truciolari e MDF\",\"publisher\":{\"@id\":\"https:\/\/www.staging.lesonit.net\/?lang=en\/#organization\"},\"potentialAction\":[{\"@type\":\"SearchAction\",\"target\":{\"@type\":\"EntryPoint\",\"urlTemplate\":\"https:\/\/www.staging.lesonit.net\/?lang=en\/?s={search_term_string}\"},\"query-input\":\"required name=search_term_string\"}],\"inLanguage\":\"sl\"},{\"@type\":\"Organization\",\"@id\":\"https:\/\/www.staging.lesonit.net\/?lang=en\/#organization\",\"name\":\"Fantoni SPA\",\"url\":\"https:\/\/www.staging.lesonit.net\/?lang=en\/\",\"logo\":{\"@type\":\"ImageObject\",\"inLanguage\":\"sl\",\"@id\":\"https:\/\/www.staging.lesonit.net\/?lang=en\/#\/schema\/logo\/image\/\",\"url\":\"https:\/\/www.staging.lesonit.net\/app\/uploads\/2021\/02\/fantoni.png\",\"contentUrl\":\"https:\/\/www.staging.lesonit.net\/app\/uploads\/2021\/02\/fantoni.png\",\"width\":512,\"height\":119,\"caption\":\"Fantoni SPA\"},\"image\":{\"@id\":\"https:\/\/www.staging.lesonit.net\/?lang=en\/#\/schema\/logo\/image\/\"},\"sameAs\":[\"https:\/\/facebook.com\/FantoniSPA\",\"https:\/\/www.instagram.com\/fantonigroup\/\",\"https:\/\/www.linkedin.com\/company\/fantoni-spa\",\"https:\/\/www.youtube.com\/user\/fantonigroup\/featured\"]}]}<\/script>\n<!-- \/ Yoast SEO plugin. -->","yoast_head_json":{"title":"Vertical Integration - Lesonit","description":"Autonomy, quality, efficiency: Lesonit contributes to the vertical integration of the Fantoni Group, to which it belongs.","robots":{"index":"noindex","follow":"follow","max-snippet":"max-snippet:-1","max-image-preview":"max-image-preview:large","max-video-preview":"max-video-preview:-1"},"og_locale":"en_US","og_type":"article","og_title":"Vertical Integration - Lesonit","og_description":"Autonomy, quality, efficiency: Lesonit contributes to the vertical integration of the Fantoni Group, to which it belongs.","og_url":"https:\/\/www.staging.lesonit.net\/group\/vertical-integration\/?lang=sl","og_site_name":"Lesonit","article_publisher":"https:\/\/facebook.com\/FantoniSPA","article_modified_time":"2024-05-21T06:48:55+00:00","og_image":[{"url":"https:\/\/www.staging.lesonit.net\/app\/uploads\/2021\/01\/Verticalizzazione.jpg"}],"twitter_card":"summary_large_image","twitter_misc":{"Est. reading time":"1 minute"},"schema":{"@context":"https:\/\/schema.org","@graph":[{"@type":"WebPage","@id":"https:\/\/www.staging.lesonit.net\/group\/vertical-integration\/?lang=sl","url":"https:\/\/www.staging.lesonit.net\/group\/vertical-integration\/?lang=sl","name":"Vertical Integration - Lesonit","isPartOf":{"@id":"https:\/\/www.staging.lesonit.net\/?lang=en\/#website"},"datePublished":"2021-01-20T07:52:32+00:00","dateModified":"2024-05-21T06:48:55+00:00","description":"Autonomy, quality, efficiency: Lesonit contributes to the vertical integration of the Fantoni Group, to which it belongs.","breadcrumb":{"@id":"https:\/\/www.staging.lesonit.net\/group\/vertical-integration\/?lang=sl#breadcrumb"},"inLanguage":"sl","potentialAction":[{"@type":"ReadAction","target":["https:\/\/www.staging.lesonit.net\/group\/vertical-integration\/?lang=sl"]}]},{"@type":"BreadcrumbList","@id":"https:\/\/www.staging.lesonit.net\/group\/vertical-integration\/?lang=sl#breadcrumb","itemListElement":[{"@type":"ListItem","position":1,"name":"Home","item":"https:\/\/www.staging.lesonit.net\/?lang=sl"},{"@type":"ListItem","position":2,"name":"Group","item":"https:\/\/www.staging.lesonit.net\/group\/?lang=sl"},{"@type":"ListItem","position":3,"name":"Vertical Integration"}]},{"@type":"WebSite","@id":"https:\/\/www.staging.lesonit.net\/?lang=en\/#website","url":"https:\/\/www.staging.lesonit.net\/?lang=en\/","name":"Fantoni SPA","description":"produzione di mobili per ufficio, pannelli truciolari e MDF","publisher":{"@id":"https:\/\/www.staging.lesonit.net\/?lang=en\/#organization"},"potentialAction":[{"@type":"SearchAction","target":{"@type":"EntryPoint","urlTemplate":"https:\/\/www.staging.lesonit.net\/?lang=en\/?s={search_term_string}"},"query-input":"required name=search_term_string"}],"inLanguage":"sl"},{"@type":"Organization","@id":"https:\/\/www.staging.lesonit.net\/?lang=en\/#organization","name":"Fantoni SPA","url":"https:\/\/www.staging.lesonit.net\/?lang=en\/","logo":{"@type":"ImageObject","inLanguage":"sl","@id":"https:\/\/www.staging.lesonit.net\/?lang=en\/#\/schema\/logo\/image\/","url":"https:\/\/www.staging.lesonit.net\/app\/uploads\/2021\/02\/fantoni.png","contentUrl":"https:\/\/www.staging.lesonit.net\/app\/uploads\/2021\/02\/fantoni.png","width":512,"height":119,"caption":"Fantoni SPA"},"image":{"@id":"https:\/\/www.staging.lesonit.net\/?lang=en\/#\/schema\/logo\/image\/"},"sameAs":["https:\/\/facebook.com\/FantoniSPA","https:\/\/www.instagram.com\/fantonigroup\/","https:\/\/www.linkedin.com\/company\/fantoni-spa","https:\/\/www.youtube.com\/user\/fantonigroup\/featured"]}]}},"_links":{"self":[{"href":"https:\/\/www.staging.lesonit.net\/sl\/wp-json\/wp\/v2\/pages\/15228"}],"collection":[{"href":"https:\/\/www.staging.lesonit.net\/sl\/wp-json\/wp\/v2\/pages"}],"about":[{"href":"https:\/\/www.staging.lesonit.net\/sl\/wp-json\/wp\/v2\/types\/page"}],"author":[{"embeddable":true,"href":"https:\/\/www.staging.lesonit.net\/sl\/wp-json\/wp\/v2\/users\/3"}],"replies":[{"embeddable":true,"href":"https:\/\/www.staging.lesonit.net\/sl\/wp-json\/wp\/v2\/comments?post=15228"}],"version-history":[{"count":13,"href":"https:\/\/www.staging.lesonit.net\/sl\/wp-json\/wp\/v2\/pages\/15228\/revisions"}],"predecessor-version":[{"id":16011,"href":"https:\/\/www.staging.lesonit.net\/sl\/wp-json\/wp\/v2\/pages\/15228\/revisions\/16011"}],"up":[{"embeddable":true,"href":"https:\/\/www.staging.lesonit.net\/sl\/wp-json\/wp\/v2\/pages\/15165"}],"wp:attachment":[{"href":"https:\/\/www.staging.lesonit.net\/sl\/wp-json\/wp\/v2\/media?parent=15228"}],"curies":[{"name":"wp","href":"https:\/\/api.w.org\/{rel}","templated":true}]}}