{"id":15185,"date":"2021-02-08T08:57:53","date_gmt":"2021-02-08T08:57:53","guid":{"rendered":"http:\/\/www.staging.lesonit.net\/group\/quality-management\/"},"modified":"2024-05-21T07:11:19","modified_gmt":"2024-05-21T07:11:19","slug":"quality-management","status":"publish","type":"page","link":"https:\/\/www.staging.lesonit.net\/sl\/group\/quality-management\/","title":{"rendered":"Quality Management"},"content":{"rendered":"<div id=\"block_7b38e7b8f6e8ef6409e51f592e530fac\" class=\"wp-block-hero alignfull relative overflow-hidden\">\n  <div class=\" min-h-top-screen bg-cover bg-center bg-no-repeat\"\n    style=\"background-image: url(https:\/\/www.staging.lesonit.net\/app\/uploads\/2021\/02\/pioppi-fantoni-esterni-1.jpg\">\n          <div class=\"absolute inset-0 bg-gradient-to-br from-black to-transparent opacity-50\"><\/div>\n        <div class=\"wrapper text-white relative py-[15vh]\">\n      <h1 class=\"gsap-reveal text-4xl font-semibold uppercase leading-none sm:text-6xl lg:text-8xl\">\n        VODENJE KAKOVOSTI\n      <\/h1>\n          <\/div>\n      <\/div>\n  <\/div><!-- acf\/hero -->\n\n\n<div id=\"block_6ddc87ec37e5dcc82134a36abe748b93\"\n  class=\"wp-block-textstatic alignfull wrapper my-12 grid grid-cols-1 gap-8 lg:my-16 lg:grid-cols-3 lg:gap-16 xl:gap-24 2xl:gap-32\">\n  <div class=\"lg:col-span-1\">\n    <h2 class=\"text-3xl font-bold leading-none md:text-4xl lg:text-5xl\">Celovito zagotavljanje kakovosti \n      <\/h2>\n  <\/div>\n  <div class=\"lg:col-span-2\">\n    <div class=\"max-w-prose text-lg leading-snug lg:text-xl\">\n      <p>Lesonit ima vodilno vlogo v proizvodnji tankih MDF plo\u0161\u010d, ki ustrezajo najstro\u017ejim mednarodnim predpisom.<\/p>\n<p>Vse aktivnosti; od razvoja izdelka, proizvodnje ter do prodajnih in poprodajnih storitev se v celoti izvajajo skladno s celovitim sistemom vodenja kakovosti. Poleg tega pa so materiali in izdelki Lesonita preizku\u0161eni in certificirani glede na vse njihove funkcionalne lastnosti: odpornost na fizikalna in kemi\u010dna sredstva, trajnost, raven emisij v zrak ter varnost v skladu z najstro\u017ejimi mednarodnimi standardi.<\/p>\n<p>Preverjen sistem ravnanja z okoljem nam omogo\u010da nenehno spremljanje okoljske u\u010dinkovitosti in vpliva na\u0161e dejavnosti na okolje ter sistemati\u010dno iskanje izbolj\u0161av na dosleden, u\u010dinkovit in predvsem trajnosten na\u010din.<\/p>\n<p>&nbsp;<\/p>\n<p>&nbsp;<\/p>\n\n    <\/div>\n\n      <\/div>\n<\/div><!-- .acf\/textstatic -->\n\n\n<div id=\"block_ee529540a923aacc443d5e8f6daa3284\"\n  class=\"wp-block-textstatic alignfull wrapper my-12 grid grid-cols-1 gap-8 lg:my-16 lg:grid-cols-3 lg:gap-16 xl:gap-24 2xl:gap-32\">\n  <div class=\"lg:col-span-1\">\n    <h2 class=\"text-3xl font-bold leading-none md:text-4xl lg:text-5xl\">Certifikati surovin in kon\u010dnih izdelkov \n      <\/h2>\n  <\/div>\n  <div class=\"lg:col-span-2\">\n    <div class=\"max-w-prose text-lg leading-snug lg:text-xl\">\n      <p>Prizadevamo si za cilje in dobre prakse, ki s pomo\u010djo sistemati\u010dnega pristopa vodijo k trajnostnemu upravljanju izdelkov in proizvodnih procesov. Na\u0161e plo\u0161\u010de imajo certifikat FSC (Forest Stewardship Council) ter PEFC (Programme for the Endorsement of Forest Certification Schemes), ki kupcem zagotavlja, da je uporabljen les trajnostno pridobljen in da ne vpliva na gozdno bogastvo planeta. Zato uporaba gensko spremenjenih drevesnih vrst ne pride v po\u0161tev. Tako se zagotavlja varstvo biotske raznovrstnosti. Sistem sledljivosti vseh korakov zagotavlja transparenten proces, prepre\u010duje nezakonite trgovino in spodbuja odli\u010dnost nabavne prakse.<\/p>\n\n    <\/div>\n\n      <\/div>\n<\/div><!-- .acf\/textstatic -->\n\n\n\n<figure class=\"wp-block-image alignfull size-full\"><img decoding=\"async\" width=\"1920\" height=\"628\" src=\"https:\/\/www.staging.lesonit.net\/app\/uploads\/2021\/02\/FFA.jpg\" alt=\"\" class=\"wp-image-9861\" srcset=\"https:\/\/www.staging.lesonit.net\/app\/uploads\/2021\/02\/FFA.jpg 1920w, https:\/\/www.staging.lesonit.net\/app\/uploads\/2021\/02\/FFA-300x98.jpg 300w, https:\/\/www.staging.lesonit.net\/app\/uploads\/2021\/02\/FFA-1024x335.jpg 1024w, https:\/\/www.staging.lesonit.net\/app\/uploads\/2021\/02\/FFA-768x251.jpg 768w, https:\/\/www.staging.lesonit.net\/app\/uploads\/2021\/02\/FFA-480x157.jpg 480w, https:\/\/www.staging.lesonit.net\/app\/uploads\/2021\/02\/FFA-640x209.jpg 640w, https:\/\/www.staging.lesonit.net\/app\/uploads\/2021\/02\/FFA-916x300.jpg 916w, https:\/\/www.staging.lesonit.net\/app\/uploads\/2021\/02\/FFA-1030x337.jpg 1030w, https:\/\/www.staging.lesonit.net\/app\/uploads\/2021\/02\/FFA-1536x502.jpg 1536w\" sizes=\"(max-width: 1920px) 100vw, 1920px\" \/><\/figure>\n\n\n<div id=\"block_345ca6663feea5dc311b82de41340e2a\" class=\"wp-block-download alignfull my-12 lg:my-16\">\n  \n  <div>\n          <\/div>\n<\/div><!-- acf\/download -->\n\n\n\n<p><\/p>\n","protected":false},"excerpt":{"rendered":"","protected":false},"author":3,"featured_media":0,"parent":15165,"menu_order":0,"comment_status":"closed","ping_status":"closed","template":"","meta":[],"acf":[],"yoast_head":"<!-- This site is optimized with the Yoast SEO plugin v21.5 - https:\/\/yoast.com\/wordpress\/plugins\/seo\/ -->\n<title>Quality Management - Lesonit<\/title>\n<meta name=\"description\" content=\"Vodenje kakovosti: Lesonit ima vodilno vlogo v proizvodnji tankih MDF plo\u0161\u010d, ki ustrezajo najstro\u017ejim mednarodnim predpisom.\" \/>\n<meta name=\"robots\" content=\"noindex, follow, max-snippet:-1, max-image-preview:large, max-video-preview:-1\" \/>\n<meta property=\"og:locale\" content=\"en_US\" \/>\n<meta property=\"og:type\" content=\"article\" \/>\n<meta property=\"og:title\" content=\"Quality Management - Lesonit\" \/>\n<meta property=\"og:description\" content=\"Vodenje kakovosti: Lesonit ima vodilno vlogo v proizvodnji tankih MDF plo\u0161\u010d, ki ustrezajo najstro\u017ejim mednarodnim predpisom.\" \/>\n<meta property=\"og:url\" content=\"https:\/\/www.staging.lesonit.net\/group\/quality-management\/?lang=sl\" \/>\n<meta property=\"og:site_name\" content=\"Lesonit\" \/>\n<meta property=\"article:publisher\" content=\"https:\/\/facebook.com\/FantoniSPA\" \/>\n<meta property=\"article:modified_time\" content=\"2024-05-21T07:11:19+00:00\" \/>\n<meta property=\"og:image\" content=\"https:\/\/www.staging.lesonit.net\/app\/uploads\/2021\/02\/FFA.jpg\" \/>\n<meta name=\"twitter:card\" content=\"summary_large_image\" \/>\n<meta name=\"twitter:label1\" content=\"Est. reading time\" \/>\n\t<meta name=\"twitter:data1\" content=\"1 minute\" \/>\n<script type=\"application\/ld+json\" class=\"yoast-schema-graph\">{\"@context\":\"https:\/\/schema.org\",\"@graph\":[{\"@type\":\"WebPage\",\"@id\":\"https:\/\/www.staging.lesonit.net\/group\/quality-management\/?lang=sl\",\"url\":\"https:\/\/www.staging.lesonit.net\/group\/quality-management\/?lang=sl\",\"name\":\"Quality Management - Lesonit\",\"isPartOf\":{\"@id\":\"https:\/\/www.staging.lesonit.net\/?lang=en\/#website\"},\"datePublished\":\"2021-02-08T08:57:53+00:00\",\"dateModified\":\"2024-05-21T07:11:19+00:00\",\"description\":\"Vodenje kakovosti: Lesonit ima vodilno vlogo v proizvodnji tankih MDF plo\u0161\u010d, ki ustrezajo najstro\u017ejim mednarodnim predpisom.\",\"breadcrumb\":{\"@id\":\"https:\/\/www.staging.lesonit.net\/group\/quality-management\/?lang=sl#breadcrumb\"},\"inLanguage\":\"sl\",\"potentialAction\":[{\"@type\":\"ReadAction\",\"target\":[\"https:\/\/www.staging.lesonit.net\/group\/quality-management\/?lang=sl\"]}]},{\"@type\":\"BreadcrumbList\",\"@id\":\"https:\/\/www.staging.lesonit.net\/group\/quality-management\/?lang=sl#breadcrumb\",\"itemListElement\":[{\"@type\":\"ListItem\",\"position\":1,\"name\":\"Home\",\"item\":\"https:\/\/www.staging.lesonit.net\/?lang=sl\"},{\"@type\":\"ListItem\",\"position\":2,\"name\":\"Group\",\"item\":\"https:\/\/www.staging.lesonit.net\/group\/?lang=sl\"},{\"@type\":\"ListItem\",\"position\":3,\"name\":\"Quality Management\"}]},{\"@type\":\"WebSite\",\"@id\":\"https:\/\/www.staging.lesonit.net\/?lang=en\/#website\",\"url\":\"https:\/\/www.staging.lesonit.net\/?lang=en\/\",\"name\":\"Fantoni SPA\",\"description\":\"produzione di mobili per ufficio, pannelli truciolari e MDF\",\"publisher\":{\"@id\":\"https:\/\/www.staging.lesonit.net\/?lang=en\/#organization\"},\"potentialAction\":[{\"@type\":\"SearchAction\",\"target\":{\"@type\":\"EntryPoint\",\"urlTemplate\":\"https:\/\/www.staging.lesonit.net\/?lang=en\/?s={search_term_string}\"},\"query-input\":\"required name=search_term_string\"}],\"inLanguage\":\"sl\"},{\"@type\":\"Organization\",\"@id\":\"https:\/\/www.staging.lesonit.net\/?lang=en\/#organization\",\"name\":\"Fantoni SPA\",\"url\":\"https:\/\/www.staging.lesonit.net\/?lang=en\/\",\"logo\":{\"@type\":\"ImageObject\",\"inLanguage\":\"sl\",\"@id\":\"https:\/\/www.staging.lesonit.net\/?lang=en\/#\/schema\/logo\/image\/\",\"url\":\"https:\/\/www.staging.lesonit.net\/app\/uploads\/2021\/02\/fantoni.png\",\"contentUrl\":\"https:\/\/www.staging.lesonit.net\/app\/uploads\/2021\/02\/fantoni.png\",\"width\":512,\"height\":119,\"caption\":\"Fantoni SPA\"},\"image\":{\"@id\":\"https:\/\/www.staging.lesonit.net\/?lang=en\/#\/schema\/logo\/image\/\"},\"sameAs\":[\"https:\/\/facebook.com\/FantoniSPA\",\"https:\/\/www.instagram.com\/fantonigroup\/\",\"https:\/\/www.linkedin.com\/company\/fantoni-spa\",\"https:\/\/www.youtube.com\/user\/fantonigroup\/featured\"]}]}<\/script>\n<!-- \/ Yoast SEO plugin. -->","yoast_head_json":{"title":"Quality Management - Lesonit","description":"Vodenje kakovosti: Lesonit ima vodilno vlogo v proizvodnji tankih MDF plo\u0161\u010d, ki ustrezajo najstro\u017ejim mednarodnim predpisom.","robots":{"index":"noindex","follow":"follow","max-snippet":"max-snippet:-1","max-image-preview":"max-image-preview:large","max-video-preview":"max-video-preview:-1"},"og_locale":"en_US","og_type":"article","og_title":"Quality Management - Lesonit","og_description":"Vodenje kakovosti: Lesonit ima vodilno vlogo v proizvodnji tankih MDF plo\u0161\u010d, ki ustrezajo najstro\u017ejim mednarodnim predpisom.","og_url":"https:\/\/www.staging.lesonit.net\/group\/quality-management\/?lang=sl","og_site_name":"Lesonit","article_publisher":"https:\/\/facebook.com\/FantoniSPA","article_modified_time":"2024-05-21T07:11:19+00:00","og_image":[{"url":"https:\/\/www.staging.lesonit.net\/app\/uploads\/2021\/02\/FFA.jpg"}],"twitter_card":"summary_large_image","twitter_misc":{"Est. reading time":"1 minute"},"schema":{"@context":"https:\/\/schema.org","@graph":[{"@type":"WebPage","@id":"https:\/\/www.staging.lesonit.net\/group\/quality-management\/?lang=sl","url":"https:\/\/www.staging.lesonit.net\/group\/quality-management\/?lang=sl","name":"Quality Management - Lesonit","isPartOf":{"@id":"https:\/\/www.staging.lesonit.net\/?lang=en\/#website"},"datePublished":"2021-02-08T08:57:53+00:00","dateModified":"2024-05-21T07:11:19+00:00","description":"Vodenje kakovosti: Lesonit ima vodilno vlogo v proizvodnji tankih MDF plo\u0161\u010d, ki ustrezajo najstro\u017ejim mednarodnim predpisom.","breadcrumb":{"@id":"https:\/\/www.staging.lesonit.net\/group\/quality-management\/?lang=sl#breadcrumb"},"inLanguage":"sl","potentialAction":[{"@type":"ReadAction","target":["https:\/\/www.staging.lesonit.net\/group\/quality-management\/?lang=sl"]}]},{"@type":"BreadcrumbList","@id":"https:\/\/www.staging.lesonit.net\/group\/quality-management\/?lang=sl#breadcrumb","itemListElement":[{"@type":"ListItem","position":1,"name":"Home","item":"https:\/\/www.staging.lesonit.net\/?lang=sl"},{"@type":"ListItem","position":2,"name":"Group","item":"https:\/\/www.staging.lesonit.net\/group\/?lang=sl"},{"@type":"ListItem","position":3,"name":"Quality Management"}]},{"@type":"WebSite","@id":"https:\/\/www.staging.lesonit.net\/?lang=en\/#website","url":"https:\/\/www.staging.lesonit.net\/?lang=en\/","name":"Fantoni SPA","description":"produzione di mobili per ufficio, pannelli truciolari e MDF","publisher":{"@id":"https:\/\/www.staging.lesonit.net\/?lang=en\/#organization"},"potentialAction":[{"@type":"SearchAction","target":{"@type":"EntryPoint","urlTemplate":"https:\/\/www.staging.lesonit.net\/?lang=en\/?s={search_term_string}"},"query-input":"required name=search_term_string"}],"inLanguage":"sl"},{"@type":"Organization","@id":"https:\/\/www.staging.lesonit.net\/?lang=en\/#organization","name":"Fantoni SPA","url":"https:\/\/www.staging.lesonit.net\/?lang=en\/","logo":{"@type":"ImageObject","inLanguage":"sl","@id":"https:\/\/www.staging.lesonit.net\/?lang=en\/#\/schema\/logo\/image\/","url":"https:\/\/www.staging.lesonit.net\/app\/uploads\/2021\/02\/fantoni.png","contentUrl":"https:\/\/www.staging.lesonit.net\/app\/uploads\/2021\/02\/fantoni.png","width":512,"height":119,"caption":"Fantoni SPA"},"image":{"@id":"https:\/\/www.staging.lesonit.net\/?lang=en\/#\/schema\/logo\/image\/"},"sameAs":["https:\/\/facebook.com\/FantoniSPA","https:\/\/www.instagram.com\/fantonigroup\/","https:\/\/www.linkedin.com\/company\/fantoni-spa","https:\/\/www.youtube.com\/user\/fantonigroup\/featured"]}]}},"_links":{"self":[{"href":"https:\/\/www.staging.lesonit.net\/sl\/wp-json\/wp\/v2\/pages\/15185"}],"collection":[{"href":"https:\/\/www.staging.lesonit.net\/sl\/wp-json\/wp\/v2\/pages"}],"about":[{"href":"https:\/\/www.staging.lesonit.net\/sl\/wp-json\/wp\/v2\/types\/page"}],"author":[{"embeddable":true,"href":"https:\/\/www.staging.lesonit.net\/sl\/wp-json\/wp\/v2\/users\/3"}],"replies":[{"embeddable":true,"href":"https:\/\/www.staging.lesonit.net\/sl\/wp-json\/wp\/v2\/comments?post=15185"}],"version-history":[{"count":6,"href":"https:\/\/www.staging.lesonit.net\/sl\/wp-json\/wp\/v2\/pages\/15185\/revisions"}],"predecessor-version":[{"id":16061,"href":"https:\/\/www.staging.lesonit.net\/sl\/wp-json\/wp\/v2\/pages\/15185\/revisions\/16061"}],"up":[{"embeddable":true,"href":"https:\/\/www.staging.lesonit.net\/sl\/wp-json\/wp\/v2\/pages\/15165"}],"wp:attachment":[{"href":"https:\/\/www.staging.lesonit.net\/sl\/wp-json\/wp\/v2\/media?parent=15185"}],"curies":[{"name":"wp","href":"https:\/\/api.w.org\/{rel}","templated":true}]}}