{"id":15178,"date":"2021-01-22T11:29:21","date_gmt":"2021-01-22T11:29:21","guid":{"rendered":"http:\/\/www.staging.lesonit.net\/group\/circular-economy\/"},"modified":"2024-05-21T07:09:12","modified_gmt":"2024-05-21T07:09:12","slug":"circular-economy","status":"publish","type":"page","link":"https:\/\/www.staging.lesonit.net\/sl\/group\/circular-economy\/","title":{"rendered":"Circular Economy"},"content":{"rendered":"<div id=\"block_ffa83fe61995b0c7ba807552e3e454d4\" class=\"wp-block-hero alignfull relative overflow-hidden\">\n  <div class=\" min-h-top-screen bg-cover bg-center bg-no-repeat\"\n    style=\"background-image: url(https:\/\/www.staging.lesonit.net\/app\/uploads\/2021\/01\/fantoni-economia-circolare-riciclato-piazzale.jpg\">\n          <div class=\"absolute inset-0 bg-gradient-to-br from-black to-transparent opacity-50\"><\/div>\n        <div class=\"wrapper text-white relative py-[15vh]\">\n      <h1 class=\"gsap-reveal text-4xl font-semibold uppercase leading-none sm:text-6xl lg:text-8xl\">\n        KRO\u017dNA EKONOMIJA\n      <\/h1>\n          <\/div>\n      <\/div>\n  <\/div><!-- acf\/hero -->\n\n\n<div id=\"block_90d09f7c5499b4650e52dc402282feae\"\n  class=\"wp-block-textstatic alignfull wrapper my-12 grid grid-cols-1 gap-8 lg:my-16 lg:grid-cols-3 lg:gap-16 xl:gap-24 2xl:gap-32\">\n  <div class=\"lg:col-span-1\">\n    <h2 class=\"text-3xl font-bold leading-none md:text-4xl lg:text-5xl\">Revolucionarna ideja \n      <\/h2>\n  <\/div>\n  <div class=\"lg:col-span-2\">\n    <div class=\"max-w-prose text-lg leading-snug lg:text-xl\">\n      <p>Koncept kro\u017enega gospodarstva opu\u0161\u010da tradicionalen gospodarski model, ki temelji na izkori\u0161\u010danju omejenih virov in odlaganju odpadkov v okolje, ter prehod v kro\u017eni model, v katerem ni odpadkov. Materiali, sestavni deli in izdelki se ne obravnavajo kot odpadki, ampak se predelajo in ponovno uporabijo v proizvodnem ali uporabni\u0161kem ciklu, s \u010dimer se izognemo uporabi primarnih surovin in zmanj\u0161amo odpadke.<\/p>\n\n    <\/div>\n\n      <\/div>\n<\/div><!-- .acf\/textstatic -->\n\n\n<div id=\"block_36d7125411c774df1ee10aa1ae870b77\" class=\"wp-block-textcenter py-16 lg:py-24\" style=\"background-color:#ffffff; color:#000000;\">\n  <div class=\"wrapper md:text-center\" style=\"--wrapper-width: 960px;\">\n          <h2 class=\"text-[2.5rem] font-bold leading-none md:text-5xl lg:text-6xl xl:text-7xl\">\n        420.000 ton recikliranega lesa letno \n        <\/h2>\n          <\/div>\n<\/div><!-- acf\/textcenter -->\n\n\n\n<figure class=\"wp-block-image alignfull size-full\"><img decoding=\"async\" width=\"1920\" height=\"1080\" src=\"https:\/\/www.staging.lesonit.net\/app\/uploads\/2021\/01\/fantoni-economia-circolare.jpg\" alt=\"\" class=\"wp-image-7768\" srcset=\"https:\/\/www.staging.lesonit.net\/app\/uploads\/2021\/01\/fantoni-economia-circolare.jpg 1920w, https:\/\/www.staging.lesonit.net\/app\/uploads\/2021\/01\/fantoni-economia-circolare-300x169.jpg 300w, https:\/\/www.staging.lesonit.net\/app\/uploads\/2021\/01\/fantoni-economia-circolare-1024x576.jpg 1024w, https:\/\/www.staging.lesonit.net\/app\/uploads\/2021\/01\/fantoni-economia-circolare-768x432.jpg 768w, https:\/\/www.staging.lesonit.net\/app\/uploads\/2021\/01\/fantoni-economia-circolare-480x270.jpg 480w, https:\/\/www.staging.lesonit.net\/app\/uploads\/2021\/01\/fantoni-economia-circolare-640x360.jpg 640w, https:\/\/www.staging.lesonit.net\/app\/uploads\/2021\/01\/fantoni-economia-circolare-916x515.jpg 916w, https:\/\/www.staging.lesonit.net\/app\/uploads\/2021\/01\/fantoni-economia-circolare-1030x579.jpg 1030w, https:\/\/www.staging.lesonit.net\/app\/uploads\/2021\/01\/fantoni-economia-circolare-1536x864.jpg 1536w\" sizes=\"(max-width: 1920px) 100vw, 1920px\" \/><\/figure>\n\n\n<div id=\"block_11530d6287344e416bd932e0307754f3\" class=\"wp-block-textcenter py-16 lg:py-24\" style=\"background-color:#ffffff; color:#000000;\">\n  <div class=\"wrapper md:text-center\" style=\"--wrapper-width: 960px;\">\n          <h2 class=\"text-[2.5rem] font-bold leading-none md:text-5xl lg:text-6xl xl:text-7xl\">\n        360.000 ton pridelanih ivernih plo\u0161\u010d letno\n        <\/h2>\n          <\/div>\n<\/div><!-- acf\/textcenter -->\n\n\n\n<figure class=\"wp-block-image alignfull size-full\"><img decoding=\"async\" width=\"1920\" height=\"1080\" src=\"https:\/\/www.staging.lesonit.net\/app\/uploads\/2021\/01\/Magazzino-truciolareIMG_4221.jpg\" alt=\"\" class=\"wp-image-7785\" srcset=\"https:\/\/www.staging.lesonit.net\/app\/uploads\/2021\/01\/Magazzino-truciolareIMG_4221.jpg 1920w, https:\/\/www.staging.lesonit.net\/app\/uploads\/2021\/01\/Magazzino-truciolareIMG_4221-300x169.jpg 300w, https:\/\/www.staging.lesonit.net\/app\/uploads\/2021\/01\/Magazzino-truciolareIMG_4221-1024x576.jpg 1024w, https:\/\/www.staging.lesonit.net\/app\/uploads\/2021\/01\/Magazzino-truciolareIMG_4221-768x432.jpg 768w, https:\/\/www.staging.lesonit.net\/app\/uploads\/2021\/01\/Magazzino-truciolareIMG_4221-480x270.jpg 480w, https:\/\/www.staging.lesonit.net\/app\/uploads\/2021\/01\/Magazzino-truciolareIMG_4221-640x360.jpg 640w, https:\/\/www.staging.lesonit.net\/app\/uploads\/2021\/01\/Magazzino-truciolareIMG_4221-916x515.jpg 916w, https:\/\/www.staging.lesonit.net\/app\/uploads\/2021\/01\/Magazzino-truciolareIMG_4221-1030x579.jpg 1030w, https:\/\/www.staging.lesonit.net\/app\/uploads\/2021\/01\/Magazzino-truciolareIMG_4221-1536x864.jpg 1536w\" sizes=\"(max-width: 1920px) 100vw, 1920px\" \/><\/figure>\n\n\n<div id=\"block_7db9d9d57141eb426142cfc1544f0b49\"\n  class=\"wp-block-textstatic alignfull wrapper my-12 grid grid-cols-1 gap-8 lg:my-16 lg:grid-cols-3 lg:gap-16 xl:gap-24 2xl:gap-32\">\n  <div class=\"lg:col-span-1\">\n    <h2 class=\"text-3xl font-bold leading-none md:text-4xl lg:text-5xl\">Ponovna uporaba lesa \n      <\/h2>\n  <\/div>\n  <div class=\"lg:col-span-2\">\n    <div class=\"max-w-prose text-lg leading-snug lg:text-xl\">\n      <p>Skupina Fantoni si je v kontekstu kro\u017enega gospodarstva za\u010drtala sistemsko vizijo, ki zajema razli\u010dne vidike: od uporabe obnovljivih energetskih virov do mo\u017enosti recikliranja izdelka. Pomembno vlogo pri tem pa ima ponovna uporaba lesa za proizvodnjo ivernih plo\u0161\u010d. Predelava in ponovna uporaba odpadnega lesa omogo\u010da, da materialom vdahnemo novo \u017eivljenje. Zadnja stopnja \u017eivljenjskega cikla izdelka, ko njegova ponovna uporaba ni ve\u010d mo\u017ena, pa je energetska predelava.<\/p>\n\n    <\/div>\n\n      <\/div>\n<\/div><!-- .acf\/textstatic -->\n\n\n\n<div class=\"wp-block-group alignfull is-layout-flow\"><\/div>\n\n\n\n<p><\/p>\n","protected":false},"excerpt":{"rendered":"","protected":false},"author":3,"featured_media":0,"parent":15165,"menu_order":0,"comment_status":"closed","ping_status":"closed","template":"","meta":[],"acf":[],"yoast_head":"<!-- This site is optimized with the Yoast SEO plugin v21.5 - https:\/\/yoast.com\/wordpress\/plugins\/seo\/ -->\n<title>Circular Economy - Lesonit<\/title>\n<meta name=\"description\" content=\"Po na\u010delih kro\u017enega gospodarstva materiali in izdelki pridobijo novo vrednost v ciklu proizvodnje in potro\u0161nje.\" \/>\n<meta name=\"robots\" content=\"noindex, follow, max-snippet:-1, max-image-preview:large, max-video-preview:-1\" \/>\n<meta property=\"og:locale\" content=\"en_US\" \/>\n<meta property=\"og:type\" content=\"article\" \/>\n<meta property=\"og:title\" content=\"Circular Economy - Lesonit\" \/>\n<meta property=\"og:description\" content=\"Po na\u010delih kro\u017enega gospodarstva materiali in izdelki pridobijo novo vrednost v ciklu proizvodnje in potro\u0161nje.\" \/>\n<meta property=\"og:url\" content=\"https:\/\/www.staging.lesonit.net\/group\/circular-economy\/?lang=sl\" \/>\n<meta property=\"og:site_name\" content=\"Lesonit\" \/>\n<meta property=\"article:publisher\" content=\"https:\/\/facebook.com\/FantoniSPA\" \/>\n<meta property=\"article:modified_time\" content=\"2024-05-21T07:09:12+00:00\" \/>\n<meta property=\"og:image\" content=\"https:\/\/www.staging.lesonit.net\/app\/uploads\/2021\/01\/fantoni-economia-circolare.jpg\" \/>\n<meta name=\"twitter:card\" content=\"summary_large_image\" \/>\n<meta name=\"twitter:label1\" content=\"Est. reading time\" \/>\n\t<meta name=\"twitter:data1\" content=\"1 minute\" \/>\n<script type=\"application\/ld+json\" class=\"yoast-schema-graph\">{\"@context\":\"https:\/\/schema.org\",\"@graph\":[{\"@type\":\"WebPage\",\"@id\":\"https:\/\/www.staging.lesonit.net\/group\/circular-economy\/?lang=sl\",\"url\":\"https:\/\/www.staging.lesonit.net\/group\/circular-economy\/?lang=sl\",\"name\":\"Circular Economy - Lesonit\",\"isPartOf\":{\"@id\":\"https:\/\/www.staging.lesonit.net\/?lang=en\/#website\"},\"datePublished\":\"2021-01-22T11:29:21+00:00\",\"dateModified\":\"2024-05-21T07:09:12+00:00\",\"description\":\"Po na\u010delih kro\u017enega gospodarstva materiali in izdelki pridobijo novo vrednost v ciklu proizvodnje in potro\u0161nje.\",\"breadcrumb\":{\"@id\":\"https:\/\/www.staging.lesonit.net\/group\/circular-economy\/?lang=sl#breadcrumb\"},\"inLanguage\":\"sl\",\"potentialAction\":[{\"@type\":\"ReadAction\",\"target\":[\"https:\/\/www.staging.lesonit.net\/group\/circular-economy\/?lang=sl\"]}]},{\"@type\":\"BreadcrumbList\",\"@id\":\"https:\/\/www.staging.lesonit.net\/group\/circular-economy\/?lang=sl#breadcrumb\",\"itemListElement\":[{\"@type\":\"ListItem\",\"position\":1,\"name\":\"Home\",\"item\":\"https:\/\/www.staging.lesonit.net\/?lang=sl\"},{\"@type\":\"ListItem\",\"position\":2,\"name\":\"Group\",\"item\":\"https:\/\/www.staging.lesonit.net\/group\/?lang=sl\"},{\"@type\":\"ListItem\",\"position\":3,\"name\":\"Circular Economy\"}]},{\"@type\":\"WebSite\",\"@id\":\"https:\/\/www.staging.lesonit.net\/?lang=en\/#website\",\"url\":\"https:\/\/www.staging.lesonit.net\/?lang=en\/\",\"name\":\"Fantoni SPA\",\"description\":\"produzione di mobili per ufficio, pannelli truciolari e MDF\",\"publisher\":{\"@id\":\"https:\/\/www.staging.lesonit.net\/?lang=en\/#organization\"},\"potentialAction\":[{\"@type\":\"SearchAction\",\"target\":{\"@type\":\"EntryPoint\",\"urlTemplate\":\"https:\/\/www.staging.lesonit.net\/?lang=en\/?s={search_term_string}\"},\"query-input\":\"required name=search_term_string\"}],\"inLanguage\":\"sl\"},{\"@type\":\"Organization\",\"@id\":\"https:\/\/www.staging.lesonit.net\/?lang=en\/#organization\",\"name\":\"Fantoni SPA\",\"url\":\"https:\/\/www.staging.lesonit.net\/?lang=en\/\",\"logo\":{\"@type\":\"ImageObject\",\"inLanguage\":\"sl\",\"@id\":\"https:\/\/www.staging.lesonit.net\/?lang=en\/#\/schema\/logo\/image\/\",\"url\":\"https:\/\/www.staging.lesonit.net\/app\/uploads\/2021\/02\/fantoni.png\",\"contentUrl\":\"https:\/\/www.staging.lesonit.net\/app\/uploads\/2021\/02\/fantoni.png\",\"width\":512,\"height\":119,\"caption\":\"Fantoni SPA\"},\"image\":{\"@id\":\"https:\/\/www.staging.lesonit.net\/?lang=en\/#\/schema\/logo\/image\/\"},\"sameAs\":[\"https:\/\/facebook.com\/FantoniSPA\",\"https:\/\/www.instagram.com\/fantonigroup\/\",\"https:\/\/www.linkedin.com\/company\/fantoni-spa\",\"https:\/\/www.youtube.com\/user\/fantonigroup\/featured\"]}]}<\/script>\n<!-- \/ Yoast SEO plugin. -->","yoast_head_json":{"title":"Circular Economy - Lesonit","description":"Po na\u010delih kro\u017enega gospodarstva materiali in izdelki pridobijo novo vrednost v ciklu proizvodnje in potro\u0161nje.","robots":{"index":"noindex","follow":"follow","max-snippet":"max-snippet:-1","max-image-preview":"max-image-preview:large","max-video-preview":"max-video-preview:-1"},"og_locale":"en_US","og_type":"article","og_title":"Circular Economy - Lesonit","og_description":"Po na\u010delih kro\u017enega gospodarstva materiali in izdelki pridobijo novo vrednost v ciklu proizvodnje in potro\u0161nje.","og_url":"https:\/\/www.staging.lesonit.net\/group\/circular-economy\/?lang=sl","og_site_name":"Lesonit","article_publisher":"https:\/\/facebook.com\/FantoniSPA","article_modified_time":"2024-05-21T07:09:12+00:00","og_image":[{"url":"https:\/\/www.staging.lesonit.net\/app\/uploads\/2021\/01\/fantoni-economia-circolare.jpg"}],"twitter_card":"summary_large_image","twitter_misc":{"Est. reading time":"1 minute"},"schema":{"@context":"https:\/\/schema.org","@graph":[{"@type":"WebPage","@id":"https:\/\/www.staging.lesonit.net\/group\/circular-economy\/?lang=sl","url":"https:\/\/www.staging.lesonit.net\/group\/circular-economy\/?lang=sl","name":"Circular Economy - Lesonit","isPartOf":{"@id":"https:\/\/www.staging.lesonit.net\/?lang=en\/#website"},"datePublished":"2021-01-22T11:29:21+00:00","dateModified":"2024-05-21T07:09:12+00:00","description":"Po na\u010delih kro\u017enega gospodarstva materiali in izdelki pridobijo novo vrednost v ciklu proizvodnje in potro\u0161nje.","breadcrumb":{"@id":"https:\/\/www.staging.lesonit.net\/group\/circular-economy\/?lang=sl#breadcrumb"},"inLanguage":"sl","potentialAction":[{"@type":"ReadAction","target":["https:\/\/www.staging.lesonit.net\/group\/circular-economy\/?lang=sl"]}]},{"@type":"BreadcrumbList","@id":"https:\/\/www.staging.lesonit.net\/group\/circular-economy\/?lang=sl#breadcrumb","itemListElement":[{"@type":"ListItem","position":1,"name":"Home","item":"https:\/\/www.staging.lesonit.net\/?lang=sl"},{"@type":"ListItem","position":2,"name":"Group","item":"https:\/\/www.staging.lesonit.net\/group\/?lang=sl"},{"@type":"ListItem","position":3,"name":"Circular Economy"}]},{"@type":"WebSite","@id":"https:\/\/www.staging.lesonit.net\/?lang=en\/#website","url":"https:\/\/www.staging.lesonit.net\/?lang=en\/","name":"Fantoni SPA","description":"produzione di mobili per ufficio, pannelli truciolari e MDF","publisher":{"@id":"https:\/\/www.staging.lesonit.net\/?lang=en\/#organization"},"potentialAction":[{"@type":"SearchAction","target":{"@type":"EntryPoint","urlTemplate":"https:\/\/www.staging.lesonit.net\/?lang=en\/?s={search_term_string}"},"query-input":"required name=search_term_string"}],"inLanguage":"sl"},{"@type":"Organization","@id":"https:\/\/www.staging.lesonit.net\/?lang=en\/#organization","name":"Fantoni SPA","url":"https:\/\/www.staging.lesonit.net\/?lang=en\/","logo":{"@type":"ImageObject","inLanguage":"sl","@id":"https:\/\/www.staging.lesonit.net\/?lang=en\/#\/schema\/logo\/image\/","url":"https:\/\/www.staging.lesonit.net\/app\/uploads\/2021\/02\/fantoni.png","contentUrl":"https:\/\/www.staging.lesonit.net\/app\/uploads\/2021\/02\/fantoni.png","width":512,"height":119,"caption":"Fantoni SPA"},"image":{"@id":"https:\/\/www.staging.lesonit.net\/?lang=en\/#\/schema\/logo\/image\/"},"sameAs":["https:\/\/facebook.com\/FantoniSPA","https:\/\/www.instagram.com\/fantonigroup\/","https:\/\/www.linkedin.com\/company\/fantoni-spa","https:\/\/www.youtube.com\/user\/fantonigroup\/featured"]}]}},"_links":{"self":[{"href":"https:\/\/www.staging.lesonit.net\/sl\/wp-json\/wp\/v2\/pages\/15178"}],"collection":[{"href":"https:\/\/www.staging.lesonit.net\/sl\/wp-json\/wp\/v2\/pages"}],"about":[{"href":"https:\/\/www.staging.lesonit.net\/sl\/wp-json\/wp\/v2\/types\/page"}],"author":[{"embeddable":true,"href":"https:\/\/www.staging.lesonit.net\/sl\/wp-json\/wp\/v2\/users\/3"}],"replies":[{"embeddable":true,"href":"https:\/\/www.staging.lesonit.net\/sl\/wp-json\/wp\/v2\/comments?post=15178"}],"version-history":[{"count":15,"href":"https:\/\/www.staging.lesonit.net\/sl\/wp-json\/wp\/v2\/pages\/15178\/revisions"}],"predecessor-version":[{"id":15913,"href":"https:\/\/www.staging.lesonit.net\/sl\/wp-json\/wp\/v2\/pages\/15178\/revisions\/15913"}],"up":[{"embeddable":true,"href":"https:\/\/www.staging.lesonit.net\/sl\/wp-json\/wp\/v2\/pages\/15165"}],"wp:attachment":[{"href":"https:\/\/www.staging.lesonit.net\/sl\/wp-json\/wp\/v2\/media?parent=15178"}],"curies":[{"name":"wp","href":"https:\/\/api.w.org\/{rel}","templated":true}]}}